{"id":1045,"date":"2025-10-26T09:44:59","date_gmt":"2025-10-26T09:44:59","guid":{"rendered":"https:\/\/okdagro.com\/?post_type=product&#038;p=1045"},"modified":"2025-10-26T09:45:00","modified_gmt":"2025-10-26T09:45:00","slug":"emisor-cilindrico-de-pared-gruesa-linea-de-goteo-resistente-a-obstrucciones","status":"publish","type":"product","link":"https:\/\/okdagro.com\/es\/product\/emisor-cilindrico-de-pared-gruesa-linea-de-goteo-resistente-a-obstrucciones\/","title":{"rendered":"Emisor cil\u00edndrico Cinta de goteo"},"content":{"rendered":"<p data-pm-slice=\"1 1 []\">La l\u00ednea de goteo con emisor cil\u00edndrico (l\u00ednea D) de OKD AgroTech es una soluci\u00f3n de riego robusta y de pared gruesa dise\u00f1ada para proyectos agr\u00edcolas a largo plazo. Se ha dise\u00f1ado espec\u00edficamente para proporcionar un riego preciso y uniforme durante varias estaciones, lo que supone una alternativa fiable y rentable a las cintas de goteo de pared fina para una sola estaci\u00f3n.<\/p>\n<p>Para los propietarios de explotaciones agr\u00edcolas, los contratistas de proyectos y los dise\u00f1adores de sistemas de riego, los principales retos suelen ser la obstrucci\u00f3n de los emisores (especialmente con agua de baja calidad) y el elevado coste anual de sustituci\u00f3n de las cintas da\u00f1adas. Nuestra l\u00ednea de goteo cil\u00edndrica resuelve directamente estos problemas. Utiliza un robusto gotero cil\u00edndrico integral con un avanzado mecanismo antiobstrucci\u00f3n doble, que garantiza la fiabilidad del sistema, minimiza el mantenimiento y maximiza la rentabilidad de su inversi\u00f3n.<\/p>\n<ul>\n<li><strong>Resistencia superior a los atascos:<\/strong> Presenta un avanzado dise\u00f1o de gotero con dos filtros de entrada individuales y dos salidas, lo que lo hace muy eficaz para fuentes de agua sin filtrar o de baja calidad (por ejemplo, agua de pozo, de r\u00edo o de canal).<\/li>\n<li><strong>Verdadera durabilidad multitemporada:<\/strong> Su robusta construcci\u00f3n de paredes gruesas proporciona una resistencia mec\u00e1nica, una durabilidad y una resistencia a la radiaci\u00f3n UV, a los da\u00f1os causados por animales y a las tensiones de instalaci\u00f3n excepcionales.<\/li>\n<li><strong>Excelente uniformidad de rendimiento:<\/strong> La fabricaci\u00f3n de precisi\u00f3n garantiza un extraordinario Coeficiente de Variaci\u00f3n (Cv) \u2264 5% y una elevada Uniformidad de Emisi\u00f3n (EU \u2264 0,5), lo que se traduce en un crecimiento y un rendimiento m\u00e1s constantes de los cultivos.<\/li>\n<li><strong>Gotero cil\u00edndrico robusto:<\/strong> El \"gotero redondo\" integral es intr\u00ednsecamente m\u00e1s robusto y presenta una trayectoria de flujo m\u00e1s amplia y turbulenta en comparaci\u00f3n con los emisores planos, lo que reduce a\u00fan m\u00e1s el riesgo de obstrucci\u00f3n.<\/li>\n<\/ul>\n<h2>Especificaciones t\u00e9cnicas clave (l\u00ednea de goteros redondos cil\u00edndricos)<\/h2>\n<p>Estos datos t\u00e9cnicos proporcionan las especificaciones precisas de nuestra gama de l\u00edneas de goteo cil\u00edndricas. Nuestros ingenieros y equipo de ventas est\u00e1n a su disposici\u00f3n para ayudarle a seleccionar la combinaci\u00f3n exacta de di\u00e1metro, caudal y espaciado que mejor se adapte al dise\u00f1o hidr\u00e1ulico de su proyecto y a los requisitos del cultivo.<\/p>\n<table>\n<tbody>\n<tr>\n<th>Nombre del producto<\/th>\n<th>N\u00ba de art\u00edculo<\/th>\n<th>Di\u00e1metro (ID)<\/th>\n<th>Tipo<\/th>\n<th>Peso neto del emisor<\/th>\n<th>Espesor de pared (mm)<\/th>\n<th>Caudal (L\/H)<\/th>\n<th>Presi\u00f3n de trabajo<\/th>\n<th>Colores disponibles<\/th>\n<th>Espaciado<\/th>\n<\/tr>\n<tr>\n<td>Gotero redondo 6mm<\/td>\n<td>PRRD0615<\/td>\n<td>6 mm<\/td>\n<td>Insertar<\/td>\n<td>0.2g<\/td>\n<td>0,9 - 1,2 mm<\/td>\n<td>1,2L\/H<\/td>\n<td>1 bar<\/td>\n<td>Negro, Marr\u00f3n<\/td>\n<td>Personalizable<\/td>\n<\/tr>\n<tr>\n<td>Gotero redondo 12mm<\/td>\n<td>PRRD1230<\/td>\n<td>12 mm<\/td>\n<td>Insertar<\/td>\n<td>0.8g<\/td>\n<td>0,9 - 1,2 mm<\/td>\n<td>2.0L\/H<\/td>\n<td>1 bar<\/td>\n<td>Negro, Marr\u00f3n<\/td>\n<td>Personalizable<\/td>\n<\/tr>\n<tr>\n<td>Gotero redondo 16mm<\/td>\n<td>PRRD1620<\/td>\n<td>16 mm<\/td>\n<td>Insertar<\/td>\n<td>1.0g<\/td>\n<td>0,9 - 1,2 mm<\/td>\n<td>2.0L\/H<\/td>\n<td>1 bar<\/td>\n<td>Negro, Marr\u00f3n<\/td>\n<td>Personalizable<\/td>\n<\/tr>\n<tr>\n<td>Gotero redondo 16mm<\/td>\n<td>PRRD1630<\/td>\n<td>16 mm<\/td>\n<td>Insertar<\/td>\n<td>1.0g<\/td>\n<td>0,9 - 1,2 mm<\/td>\n<td>3.0L\/H<\/td>\n<td>1 bar<\/td>\n<td>Negro, Marr\u00f3n<\/td>\n<td>Personalizable<\/td>\n<\/tr>\n<tr>\n<td>Gotero redondo 16mm<\/td>\n<td>PRRD1640<\/td>\n<td>16 mm<\/td>\n<td>Insertar<\/td>\n<td>1.0g<\/td>\n<td>0,9 - 1,2 mm<\/td>\n<td>4.0L\/H<\/td>\n<td>1 bar<\/td>\n<td>Negro, Marr\u00f3n<\/td>\n<td>Personalizable<\/td>\n<\/tr>\n<\/tbody>\n<\/table>\n<h2>Resistencia superior a los atascos: La ventaja del doble filtro y la doble salida<\/h2>\n<p>Los atascos son la principal causa de fallos en los sistemas de riego por goteo, lo que provoca un riego no uniforme, p\u00e9rdidas de cosechas y un mantenimiento costoso. Nuestro gotero cil\u00edndrico est\u00e1 dise\u00f1ado con un sistema de defensa multietapa espec\u00edfico para combatir los atascos, incluso en entornos dif\u00edciles con agua de mala calidad.<\/p>\n<h3>Doble filtro de entrada individual<\/h3>\n<p>Cada gotero est\u00e1 protegido por dos filtros de entrada separados y de gran superficie. Este dise\u00f1o de doble filtro proporciona una superficie de filtraci\u00f3n significativamente mayor en comparaci\u00f3n con los emisores de una sola entrada. Esta redundancia incorporada significa que incluso si la entrada de un filtro se ve parcialmente restringida por sedimentos o materia org\u00e1nica, el segundo filtro sigue suministrando agua al emisor, garantizando un funcionamiento ininterrumpido y una alta resistencia a la obstrucci\u00f3n.<\/p>\n<h3>Doble salida en cada gotero<\/h3>\n<p>El emisor cuenta con un dise\u00f1o de doble salida, que ofrece dos ventajas fundamentales. En primer lugar, ofrece una capa adicional de redundancia; si una salida se bloquea alguna vez por una part\u00edcula externa, la segunda salida garantiza que el suministro de agua contin\u00fae. En segundo lugar, las salidas dobles est\u00e1n dise\u00f1adas para minimizar el \"reflujo\" de part\u00edculas de tierra o arena hacia el gotero cuando el sistema se apaga y baja la presi\u00f3n, una causa com\u00fan de obstrucci\u00f3n en aplicaciones subterr\u00e1neas (SDI) o en superficie.<\/p>\n<h3>Optimizado para fuentes de agua de baja calidad<\/h3>\n<p>Este mecanismo combinado de doble filtro y doble salida, junto con un amplio laberinto de flujo turbulento, hace que nuestra l\u00ednea de goteo cil\u00edndrica sea la opci\u00f3n ideal para proyectos que dependen del agua de pozo, r\u00edo o canal. Reduce la necesidad de complejos y costosos sistemas de filtraci\u00f3n secundarios y garantiza un rendimiento fiable temporada tras temporada.<\/p>\n<h2>Dise\u00f1ado para durar: paredes gruesas y rendimiento multitemporada<\/h2>\n<p>La viabilidad financiera de un cultivo permanente o de una explotaci\u00f3n a gran escala depende de la longevidad de su infraestructura. Nuestra l\u00ednea de goteo se define por su construcci\u00f3n \"Heavy-Wall\", que ofrece una robusta barrera f\u00edsica contra las principales causas de fallo del riego.<\/p>\n<h3>Robusta construcci\u00f3n de paredes pesadas<\/h3>\n<p>Con un grosor de pared t\u00edpico de 0,9 mm a 1,2 mm, esta l\u00ednea de goteo proporciona una resistencia mec\u00e1nica excepcional. Es muy resistente a los da\u00f1os causados por la instalaci\u00f3n, la maquinaria de campo, los suelos abrasivos y las plagas de animales. Esto la hace apta para su reutilizaci\u00f3n durante muchas temporadas y es el est\u00e1ndar exigido para el riego por goteo subsuperficial (SDI), en el que la tuber\u00eda se entierra. El tubo resistente y fiable garantiza una larga vida \u00fatil en el campo.<\/p>\n<h3>Material de PE avanzado resistente a los rayos UV<\/h3>\n<p>La l\u00ednea de goteo est\u00e1 fabricada con resina de polietileno (PE) virgen 100% de primera calidad, no con material reciclado. Esta resina base se mezcla con negro de humo de alta calidad y un sofisticado paquete de inhibidores de rayos UV. Esta formulaci\u00f3n proporciona la m\u00e1xima protecci\u00f3n contra la degradaci\u00f3n de la radiaci\u00f3n solar, garantizando que la tuber\u00eda siga siendo flexible y resistente incluso despu\u00e9s de a\u00f1os de exposici\u00f3n en los climas m\u00e1s duros del mundo.<\/p>\n<h2>Riego de precisi\u00f3n: Uniformidad del agua sin igual (Cv \u2264 5%)<\/h2>\n<p>Para los ingenieros de riego y los cultivadores profesionales, la uniformidad del agua no es un lujo, sino la clave para un rendimiento uniforme de los cultivos y una fertirrigaci\u00f3n eficaz. Nuestro proceso de fabricaci\u00f3n est\u00e1 optimizado para la precisi\u00f3n.<\/p>\n<h3>Excelente coeficiente de fabricaci\u00f3n (Cv \u2264 5%)<\/h3>\n<p>El coeficiente de variaci\u00f3n (Cv) es una medida cr\u00edtica de la precisi\u00f3n de fabricaci\u00f3n. Un Cv de 5% o inferior se considera \"Excelente\" seg\u00fan las normas internacionales (ISO 9261). Significa que el caudal de cualquiera de nuestros goteros es extremadamente consistente con el siguiente. Esta es la marca de un proceso de fabricaci\u00f3n de alta calidad y precisi\u00f3n controlada en el que puede confiar para el dise\u00f1o de su proyecto.<\/p>\n<h3>Alta uniformidad de emisi\u00f3n (EU \u2264 0,5)<\/h3>\n<p>Este bajo Cv se traduce directamente en una elevada Uniformidad de Emisi\u00f3n (UE) en el campo. Una UE alta (a menudo expresada como un valor &gt; 95% o una desviaci\u00f3n baja como UE &lt; 0,5) garantiza que todas las plantas a lo largo de la l\u00ednea lateral -ya sea al principio o al final- reciban la misma cantidad precisa de agua y nutrientes. Esto evita el riego excesivo (que desperdicia recursos) y el riego insuficiente (que atrofia el crecimiento), lo que conduce a un desarrollo m\u00e1s uniforme del cultivo y a un rendimiento m\u00e1ximo.<\/p>\n<h2>Aplicaciones vers\u00e1tiles para la agricultura profesional<\/h2>\n<p>La durabilidad y las caracter\u00edsticas antiobstrucci\u00f3n de nuestra l\u00ednea de goteo cil\u00edndrica de pared gruesa la convierten en la soluci\u00f3n ideal para una amplia gama de proyectos de riego a largo plazo y de gran valor:<\/p>\n<ul>\n<li>Huertos y vi\u00f1edos: (por ejemplo, uvas, almendras, c\u00edtricos, manzanas, aceitunas)<\/li>\n<li>Cultivos en hilera multiestacionales: (por ejemplo, hortalizas, algod\u00f3n, ca\u00f1a de az\u00facar)<\/li>\n<li>Invernaderos y viveros: Para el riego fiable y a largo plazo de bancales y parterres.<\/li>\n<li>Paisajismo y obras p\u00fablicas: Riego duradero para parques, medianas y propiedades comerciales.<\/li>\n<li>Riego por goteo subterr\u00e1neo (SDI): La construcci\u00f3n de pared gruesa es esencial para aplicaciones enterradas y subterr\u00e1neas a largo plazo.<\/li>\n<\/ul>\n<h2>Adquisici\u00f3n, embalaje y log\u00edstica de pedidos a granel<\/h2>\n<p>Somos una empresa <strong>fabricante<\/strong> y global <strong>proveedor<\/strong> de sistemas de riego, estructurado para dar soporte a pedidos B2B a gran escala y basados en proyectos.<\/p>\n<h3>Embalaje est\u00e1ndar y longitudes de rollo<\/h3>\n<p>Proporcionamos opciones de embalaje dise\u00f1adas para un env\u00edo eficaz y un despliegue sobre el terreno.<\/p>\n<ul>\n<li><strong>Longitudes de rollo est\u00e1ndar:<\/strong> 500m, 1000m (o seg\u00fan petici\u00f3n del cliente)<\/li>\n<li><strong>Embalaje:<\/strong> Los rollos est\u00e1n envueltos de forma segura en film de PE y pueden paletizarse para facilitar su manipulaci\u00f3n y la carga de contenedores.<\/li>\n<\/ul>\n<h3>Carga de contenedores y transporte mar\u00edtimo internacional<\/h3>\n<p>Nuestro equipo de log\u00edstica tiene experiencia en optimizar la carga de contenedores (20'GP y 40'HC) para maximizar la cantidad de producto y reducir el coste de env\u00edo por metro. Exportamos a todo el mundo y podemos proporcionarle toda la documentaci\u00f3n necesaria para el despacho de aduanas.<\/p>\n<h3>\u00bfPor qu\u00e9 asociarse con OKD como fabricante de l\u00edneas de goteo?<\/h3>\n<p>Como <strong>fabricante<\/strong>Controlamos todo el proceso de producci\u00f3n, desde el abastecimiento de materias primas hasta el ensayo final del producto. Esto nos permite garantizar un estricto cumplimiento de las normas ISO (como la ISO 9261), ofrecer precios competitivos directos de f\u00e1brica y plazos de entrega fiables para nuestros productos. <strong>proveedores mundiales<\/strong> y socios de proyectos. Apoyamos a nuestros clientes B2B con profundos conocimientos t\u00e9cnicos y un compromiso de colaboraci\u00f3n a largo plazo.<\/p>\n<h2>Preguntas m\u00e1s frecuentes (FAQ)<\/h2>\n<p><strong>P1: \u00bfCu\u00e1l es la principal ventaja de este Gotero Cil\u00edndrico frente a un Emisor Plano?<\/strong><\/p>\n<p>R: Las principales ventajas son la durabilidad y la resistencia a los atascos. Nuestro gotero cil\u00edndrico es un emisor robusto, de mayor cuerpo y con un sistema superior de doble filtro y doble salida, lo que lo hace ideal para su uso en varias estaciones y con agua de baja calidad. Muchos emisores planos est\u00e1n dise\u00f1ados para cintas de pared fina de una sola temporada y son m\u00e1s susceptibles a los atascos y a los da\u00f1os mec\u00e1nicos.<\/p>\n<p><strong>P2: \u00bfEsta l\u00ednea de goteo es adecuada para agua de baja calidad (por ejemplo, agua de pozo)?<\/strong><\/p>\n<p>R: S\u00ed, est\u00e1 dise\u00f1ado espec\u00edficamente para ello. El sistema de filtro de doble entrada proporciona una gran superficie de filtraci\u00f3n y redundancia, mientras que la trayectoria de flujo turbulento resiste la acumulaci\u00f3n de sedimentos y materia org\u00e1nica, por lo que es muy adecuado para este tipo de fuentes de agua.<\/p>\n<p><strong>P3: \u00bfCu\u00e1l es la vida \u00fatil prevista de esta l\u00ednea de goteo de pared gruesa?<\/strong><\/p>\n<p>R: Con una instalaci\u00f3n y un funcionamiento adecuados (dentro de 1 bar de presi\u00f3n), y un mantenimiento b\u00e1sico, nuestra l\u00ednea de pared gruesa est\u00e1 dise\u00f1ada para un uso multiestacional. Dependiendo de las condiciones ambientales (intensidad de los rayos UV, calidad del agua, suelo), se puede esperar una vida \u00fatil de 3-5 a\u00f1os o m\u00e1s, lo que supone un importante retorno de la inversi\u00f3n en comparaci\u00f3n con la sustituci\u00f3n anual de las cintas de pared delgada.<\/p>\n<p><strong>P4: \u00bfQu\u00e9 accesorios son compatibles con la l\u00ednea de goteo de 16 mm (o 12 mm)?<\/strong><\/p>\n<p>R: Nuestra l\u00ednea de goteo se fabrica seg\u00fan las dimensiones est\u00e1ndar de la industria. Es totalmente compatible con todos los racores, conectores, acopladores, tapones y v\u00e1lvulas est\u00e1ndar de 16 mm (o 12 mm).<\/p>\n<p><strong>P5: \u00bfCu\u00e1l es su MOQ (cantidad m\u00ednima de pedido)?<\/strong><\/p>\n<p>R: Nuestro MOQ depende del producto espec\u00edfico (di\u00e1metro, caudal, espaciado). Como fabricante, atendemos principalmente pedidos a granel y de proyectos (por ejemplo, cantidades de contenedores llenos o de varios pal\u00e9s). P\u00f3ngase en contacto con nuestro equipo de ventas si necesita una cantidad m\u00ednima espec\u00edfica.<\/p>\n<p><strong>P6: \u00bfPuedo solicitar una muestra para an\u00e1lisis?<\/strong><\/p>\n<p>R: Por supuesto. Animamos encarecidamente a los ingenieros de riego, jefes de proyecto y propietarios de explotaciones agr\u00edcolas a que soliciten muestras. Queremos que vean y sientan de primera mano la construcci\u00f3n de pared gruesa y la calidad de los goteros. Utilice el bot\u00f3n \"Solicitar muestra\" o p\u00f3ngase en contacto con nuestro equipo.<\/p>\n<p><strong>P7: \u00bfCu\u00e1l es el plazo de entrega de un pedido a granel (por ejemplo, un contenedor de 12 metros)?<\/strong><\/p>\n<p>R: Los plazos de entrega suelen ser de 15 a 30 d\u00edas, en funci\u00f3n de las especificaciones del pedido y del programa de producci\u00f3n actual. Env\u00ede una RFQ para obtener un plazo preciso y actualizado para su pedido.<\/p>\n<h2>Obtenga un presupuesto profesional para su proyecto de riego<\/h2>\n<p>\u00bfEst\u00e1 listo para cambiar a una soluci\u00f3n de riego fiable, resistente a los atascos y para varias estaciones? P\u00f3ngase en contacto con nuestro equipo de ingenieros hoy mismo. Estamos aqu\u00ed para ayudarle a configurar la l\u00ednea de goteo ideal para su aplicaci\u00f3n, analizar los requisitos de su proyecto y proporcionarle un presupuesto detallado y directo de f\u00e1brica para su pedido a granel.<\/p>","protected":false},"excerpt":{"rendered":"<ul>\n<li><strong>Resistencia superior a los atascos:<\/strong> Presenta un avanzado dise\u00f1o de gotero con dos filtros de entrada individuales y dos salidas, lo que lo hace muy eficaz para fuentes de agua sin filtrar o de baja calidad (por ejemplo, agua de pozo, de r\u00edo o de canal).<\/li>\n<li><strong>Verdadera durabilidad multitemporada:<\/strong> Su robusta construcci\u00f3n de paredes gruesas proporciona una resistencia mec\u00e1nica, una durabilidad y una resistencia a la radiaci\u00f3n UV, a los da\u00f1os causados por animales y a las tensiones de instalaci\u00f3n excepcionales.<\/li>\n<li><strong>Excelente uniformidad de rendimiento:<\/strong> La fabricaci\u00f3n de precisi\u00f3n garantiza un extraordinario Coeficiente de Variaci\u00f3n (Cv) \u2264 5% y una elevada Uniformidad de Emisi\u00f3n (EU \u2264 0,5), lo que se traduce en un crecimiento y un rendimiento m\u00e1s constantes de los cultivos.<\/li>\n<li><strong>Gotero cil\u00edndrico robusto:<\/strong> El \"gotero redondo\" integral es intr\u00ednsecamente m\u00e1s robusto y presenta una trayectoria de flujo m\u00e1s amplia y turbulenta en comparaci\u00f3n con los emisores planos, lo que reduce a\u00fan m\u00e1s el riesgo de obstrucci\u00f3n.<\/li>\n<\/ul>","protected":false},"featured_media":1047,"template":"","meta":{"_acf_changed":false},"product_brand":[],"product_cat":[25],"product_tag":[],"class_list":{"0":"post-1045","1":"product","2":"type-product","3":"status-publish","4":"has-post-thumbnail","6":"product_cat-drip-tapes-drip-lines","8":"first","9":"instock","10":"shipping-taxable","11":"product-type-simple"},"acf":[],"_links":{"self":[{"href":"https:\/\/okdagro.com\/es\/wp-json\/wp\/v2\/product\/1045","targetHints":{"allow":["GET"]}}],"collection":[{"href":"https:\/\/okdagro.com\/es\/wp-json\/wp\/v2\/product"}],"about":[{"href":"https:\/\/okdagro.com\/es\/wp-json\/wp\/v2\/types\/product"}],"wp:featuredmedia":[{"embeddable":true,"href":"https:\/\/okdagro.com\/es\/wp-json\/wp\/v2\/media\/1047"}],"wp:attachment":[{"href":"https:\/\/okdagro.com\/es\/wp-json\/wp\/v2\/media?parent=1045"}],"wp:term":[{"taxonomy":"product_brand","embeddable":true,"href":"https:\/\/okdagro.com\/es\/wp-json\/wp\/v2\/product_brand?post=1045"},{"taxonomy":"product_cat","embeddable":true,"href":"https:\/\/okdagro.com\/es\/wp-json\/wp\/v2\/product_cat?post=1045"},{"taxonomy":"product_tag","embeddable":true,"href":"https:\/\/okdagro.com\/es\/wp-json\/wp\/v2\/product_tag?post=1045"}],"curies":[{"name":"wp","href":"https:\/\/api.w.org\/{rel}","templated":true}]}}