{"id":1048,"date":"2025-10-26T14:04:32","date_gmt":"2025-10-26T14:04:32","guid":{"rendered":"https:\/\/okdagro.com\/?post_type=product&#038;p=1048"},"modified":"2025-10-26T14:04:32","modified_gmt":"2025-10-26T14:04:32","slug":"gotero-compensador-de-presion-desmontable","status":"publish","type":"product","link":"https:\/\/okdagro.com\/es\/product\/gotero-compensador-de-presion-desmontable\/","title":{"rendered":"Gotero PC desmontable (2\/4\/8 L\/h)"},"content":{"rendered":"<h2 data-pm-slice=\"1 1 []\">Productos<\/h2>\n<p>No se trata de un gotero est\u00e1ndar, sino de una soluci\u00f3n de ingenier\u00eda para los dos retos m\u00e1s importantes del riego de precisi\u00f3n: <strong>presi\u00f3n de agua variable<\/strong> y <strong>obstrucci\u00f3n del emisor<\/strong>. Nuestros goteros PC desmontables est\u00e1n dise\u00f1ados para proyectos agr\u00edcolas a gran escala en los que la fiabilidad y los costes de mantenimiento a largo plazo son fundamentales.<\/p>\n<p>Este componente ofrece dos funciones b\u00e1sicas. En primer lugar, su alta precisi\u00f3n <strong>Compensador de presi\u00f3n (PC)<\/strong> garantiza un caudal perfectamente uniforme (2, 4 u 8 L\/h) en una gama de presiones de funcionamiento extremadamente amplia, de 0,5 a 3,5 bares. En segundo lugar, su <strong>\"Desmontar\"<\/strong> es totalmente reparable sobre el terreno, lo que permite al personal abrir, limpiar y reutilizar el gotero. Esta innovaci\u00f3n resuelve eficazmente los fallos de obstrucci\u00f3n causados por la cal del agua dura o la materia org\u00e1nica, que inutilizar\u00edan los goteros sellados.<\/p>\n<ul>\n<li><strong>Uniformidad de precisi\u00f3n:<\/strong> Proporciona un caudal constante y especificado, por lo que resulta esencial para regar pendientes pronunciadas, terrenos ondulados y l\u00edneas laterales muy largas.<\/li>\n<li><strong>Reparable y reutilizable:<\/strong> El cuerpo giratorio permite limpiar f\u00e1cilmente in situ los dep\u00f3sitos minerales (incrustaciones) y la biopel\u00edcula, lo que reduce dr\u00e1sticamente los costes de sustituci\u00f3n a largo plazo.<\/li>\n<li><strong>Mayor vida \u00fatil del sistema:<\/strong> Una soluci\u00f3n ideal y rentable para proyectos que utilizan agua de pozo, agua de presa u otras fuentes propensas a los contaminantes.<\/li>\n<li><strong>F\u00e1cil identificaci\u00f3n:<\/strong> El c\u00f3digo de colores est\u00e1ndar del sector (amarillo\/negro\/azul) evita errores de instalaci\u00f3n y simplifica la gesti\u00f3n sobre el terreno.<\/li>\n<\/ul>\n<h2>Especificaciones t\u00e9cnicas<\/h2>\n<p>Como <strong>fabricante y proveedor<\/strong> de componentes de riego profesionales, garantizamos que nuestros productos cumplen estrictas normas de ingenier\u00eda. Para pedidos al por mayor u hojas de datos t\u00e9cnicos (TDS), p\u00f3ngase en contacto con nuestro equipo.<\/p>\n<table>\n<tbody>\n<tr>\n<th>Par\u00e1metro<\/th>\n<th>2 L\/h Modelo<\/th>\n<th>4 L\/h Modelo<\/th>\n<th>8 L\/h Modelo<\/th>\n<\/tr>\n<tr>\n<td><strong>Caudal nominal (L\/h)<\/strong><\/td>\n<td>2 L\/h<\/td>\n<td>4 L\/h<\/td>\n<td>8 L\/h<\/td>\n<\/tr>\n<tr>\n<td><strong>C\u00f3digo de color<\/strong><\/td>\n<td><strong>Amarillo<\/strong><\/td>\n<td><strong>Negro<\/strong><\/td>\n<td><strong>Azul<\/strong><\/td>\n<\/tr>\n<tr>\n<td><strong>Rango de compensaci\u00f3n de presi\u00f3n<\/strong><\/td>\n<td>0,5 - 3,5 bar (50 - 350 kPa)<\/td>\n<td>0,5 - 3,5 bar (50 - 350 kPa)<\/td>\n<td>0,5 - 3,5 bar (50 - 350 kPa)<\/td>\n<\/tr>\n<tr>\n<td><strong>Conexi\u00f3n de entrada<\/strong><\/td>\n<td>1\/4\u2033 Barb (6mm)<\/td>\n<td>1\/4\u2033 Barb (6mm)<\/td>\n<td>1\/4\u2033 Barb (6mm)<\/td>\n<\/tr>\n<tr>\n<td><strong>Material<\/strong><\/td>\n<td>Pl\u00e1stico t\u00e9cnico estabilizado UV de alto grado (PP\/POM)<\/td>\n<td>Pl\u00e1stico t\u00e9cnico estabilizado UV de alto grado (PP\/POM)<\/td>\n<td>Pl\u00e1stico t\u00e9cnico estabilizado UV de alto grado (PP\/POM)<\/td>\n<\/tr>\n<tr>\n<td><strong>Filtraci\u00f3n recomendada<\/strong><\/td>\n<td>Malla 120 (130 micras)<\/td>\n<td>Malla 120 (130 micras)<\/td>\n<td>Malla 120 (130 micras)<\/td>\n<\/tr>\n<tr>\n<td><strong>CV (Coeficiente de variaci\u00f3n)<\/strong><\/td>\n<td>&lt; 5% (Excelente uniformidad)<\/td>\n<td>&lt; 5% (Excelente uniformidad)<\/td>\n<td>&lt; 5% (Excelente uniformidad)<\/td>\n<\/tr>\n<\/tbody>\n<\/table>\n<h2>La ventaja de \"desmontar\": Una soluci\u00f3n reutilizable para los atascos<\/h2>\n<h3>Por qu\u00e9 fallan los goteros sellados con agua dura<\/h3>\n<p>En muchas regiones agr\u00edcolas, el agua de pozo o de r\u00edo es \"dura\", es decir, contiene muchos minerales disueltos, como calcio y hierro. Con el tiempo, estos minerales se precipitan en forma de \"incrustaciones\" duras que bloquean permanentemente los peque\u00f1os conductos de un gotero sellado. La materia org\u00e1nica (algas, biopel\u00edcula) provoca fallos similares. Para un director de proyecto, un gotero sellado obstruido es un residuo permanente, cuya sustituci\u00f3n requiere mano de obra y materiales costosos.<\/p>\n<h3>C\u00f3mo funciona nuestro gotero de mantenimiento in situ<\/h3>\n<p>Nuestro gotero desmontable est\u00e1 dise\u00f1ado para eliminar estos residuos y reducir el coste total de propiedad (TCO).<\/p>\n<ol>\n<li><strong>Girar para abrir:<\/strong> La tapa de color se desenrosca de la base sin necesidad de herramientas especiales.<\/li>\n<li><strong>Limpio:<\/strong> Esta acci\u00f3n deja totalmente al descubierto el diafragma interno de silicona y la trayectoria del flujo turbulento. El personal de mantenimiento puede eliminar f\u00e1cilmente y en profundidad cualquier incrustaci\u00f3n f\u00edsica, sedimento o biopel\u00edcula.<\/li>\n<li><strong>Volver a montar:<\/strong> El tap\u00f3n vuelve a encajar de forma segura en la base con un sellado positivo a prueba de fugas.<\/li>\n<\/ol>\n<p>Este dise\u00f1o de \"gotero limpiable\" lo hace reutilizable temporada tras temporada, ofreciendo una soluci\u00f3n sostenible y econ\u00f3mica para gestionar la mala calidad del agua.<\/p>\n<h2>Uniformidad de precisi\u00f3n para pendientes: Amplia compensaci\u00f3n de presi\u00f3n (0,5-3,5 bar)<\/h2>\n<h3>Resoluci\u00f3n de desequilibrios de presi\u00f3n en terrenos complejos<\/h3>\n<p>En una pendiente, la gravedad crea un grave desequilibrio de presi\u00f3n. Los goteros situados en la parte inferior de la pendiente (alta presi\u00f3n) regar\u00e1n en exceso, mientras que los situados en la parte superior (baja presi\u00f3n) regar\u00e1n en defecto. El mismo problema se produce en l\u00edneas laterales muy largas. Esta falta de uniformidad provoca un crecimiento irregular de los cultivos y un uso ineficaz del agua y los fertilizantes.<\/p>\n<h3>Activaci\u00f3n a baja presi\u00f3n (0,5 bar)<\/h3>\n<p>El amplio rango de compensaci\u00f3n de nuestro gotero PC es su principal caracter\u00edstica de rendimiento. Se activa a una presi\u00f3n excepcionalmente baja de <strong>0,5 bar (7,3 PSI)<\/strong>. Esto garantiza que incluso el \u00faltimo gotero de una l\u00ednea larga, o el gotero m\u00e1s alto de una pendiente, reciba todo su caudal nominal.<\/p>\n<h3>Estabilidad a alta presi\u00f3n (3,5 bar)<\/h3>\n<p>A la inversa, el diafragma de silicona de alta precisi\u00f3n restringe autom\u00e1ticamente el caudal a medida que aumenta la presi\u00f3n. En la parte inferior de la pendiente, donde la presi\u00f3n puede alcanzar <strong>3,5 bar (50 PSI)<\/strong> o m\u00e1s, el emisor <em>todav\u00eda<\/em> s\u00f3lo emite su caudal nominal (por ejemplo, 4 L\/h). Esto evita el encharcamiento, la podredumbre de las ra\u00edces y la escorrent\u00eda de fertilizantes, garantizando una excelente uniformidad del cultivo (CV &lt; 5%).<\/p>\n<h2>Gu\u00eda de ingenier\u00eda e instalaci\u00f3n duraderas<\/h2>\n<h3>Materiales resistentes a los rayos UV para una mayor duraci\u00f3n en el campo<\/h3>\n<p>Construidos para entornos agr\u00edcolas dif\u00edciles, estos goteros est\u00e1n fabricados con pl\u00e1sticos de ingenier\u00eda v\u00edrgenes de alta calidad (PP\/POM). Este material est\u00e1 totalmente estabilizado frente a los rayos UV para soportar la luz solar intensa y las altas temperaturas sin degradarse. Tambi\u00e9n es qu\u00edmicamente resistente a todos los fertilizantes, \u00e1cidos y tratamientos agr\u00edcolas comunes.<\/p>\n<h3>C\u00f3mo instalar (1\/4\u2033 Barb Compatibilidad)<\/h3>\n<p>La entrada universal de 1\/4\u2033 garantiza una gran compatibilidad con los sistemas nuevos y existentes.<\/p>\n<ol>\n<li><strong>Para PE Mainline:<\/strong> Utilice un punz\u00f3n est\u00e1ndar de 3 mm o 4 mm para crear un orificio limpio en la l\u00ednea principal de PE (por ejemplo, 16 mm, 20 mm, 25 mm).<\/li>\n<li><strong>Insertar:<\/strong> Presione firmemente la leng\u00fceta de 1\/4\u2033 del gotero en el orificio para conseguir un ajuste seguro y sin fugas.<\/li>\n<li><strong>Para microtubos:<\/strong> La p\u00faa tambi\u00e9n se conecta directamente a microtubos de 1\/4\u2033 (4\/7 mm), lo que permite colocar el gotero precisamente en la zona radicular de la planta con una estaca.<\/li>\n<\/ol>\n<h2>Aplicaciones recomendadas<\/h2>\n<p>Estos goteros est\u00e1n dise\u00f1ados para proyectos exigentes en los que fallan los goteros est\u00e1ndar, no PC o sellados.<\/p>\n<ul>\n<li><strong>Vi\u00f1edos y huertos (especialmente en pendientes):<\/strong> Esencial para proporcionar agua y nutrientes uniformes a cada vid o \u00e1rbol, independientemente de la elevaci\u00f3n.<\/li>\n<li><strong>Terreno irregular u ondulado:<\/strong> Compensa las fluctuaciones naturales de presi\u00f3n en campos no nivelados.<\/li>\n<li><strong>Proyectos agr\u00edcolas con agua dura:<\/strong> La funci\u00f3n \"Desmontar\" es fundamental para gestionar la incrustaci\u00f3n de minerales y evitar fallos en el sistema.<\/li>\n<li><strong>L\u00edneas de riego laterales largas:<\/strong> Garantiza que la \u00faltima planta de una fila reciba la misma agua que la primera.<\/li>\n<li><strong>Invernaderos y viveros:<\/strong> Proporciona un riego fiable y de alta precisi\u00f3n para cultivos de alto valor.<\/li>\n<\/ul>\n<h2>Adquisiciones y FAQ t\u00e9cnicas<\/h2>\n<p><strong>P: \u00bfCu\u00e1l es la principal ventaja de un gotero PC Take Apart frente a un gotero PC sellado est\u00e1ndar?<\/strong><\/p>\n<p><strong>A:<\/strong> Coste total de propiedad (TCO) y mantenimiento. Cuando un gotero sellado se obstruye por incrustaciones minerales, es un residuo permanente y debe ser sustituido. Nuestro gotero Take Apart puede abrirse, limpiarse sobre el terreno y reutilizarse, lo que ahorra costes significativos en mano de obra y materiales, especialmente en zonas de aguas duras.<\/p>\n<p><strong>P: \u00bfSon reutilizables estos goteros despu\u00e9s de limpiarlos?<\/strong><\/p>\n<p><strong>A:<\/strong> S\u00ed, est\u00e1n dise\u00f1ados espec\u00edficamente para poder desmontarse, limpiarse y volver a montarse varias veces sin que se produzcan fugas ni se ponga en peligro el mecanismo de compensaci\u00f3n de la presi\u00f3n.<\/p>\n<p><strong>P: \u00bfC\u00f3mo se abre y limpia el gotero?<\/strong><\/p>\n<p><strong>A:<\/strong> Basta con agarrar la base negra y girar firmemente el tap\u00f3n de color (amarillo, negro o azul) en el sentido contrario a las agujas del reloj para desbloquear y separar las dos mitades. Enjuague las piezas internas, en particular el diafragma de silicona, y vuelva a montarlas.<\/p>\n<p><strong>P: \u00bfQu\u00e9 rango de presi\u00f3n (bar\/kPa) compensan estos goteros?<\/strong><\/p>\n<p><strong>A:<\/strong> Proporcionan un caudal nominal estable (2, 4 u 8 L\/h) en una amplia gama de presiones de entrada de 0,5 a 3,5 bar (50 a 350 kPa).<\/p>\n<p><strong>P: \u00bfCu\u00e1l es la cantidad m\u00ednima de pedido?<\/strong><\/p>\n<p><strong>A:<\/strong> Como <strong>fabricante<\/strong>Estamos especializados en <strong>a granel<\/strong> pedidos para distribuidores, importadores y proyectos a gran escala. El MOQ t\u00edpico es de 10.000 unidades. Para obtener un presupuesto oficial, p\u00f3ngase en contacto con nuestro equipo de ventas e ind\u00edquenos el volumen que necesita.<\/p>\n<p><strong>P: \u00bfPodemos solicitar muestras para las pruebas?<\/strong><\/p>\n<p><strong>A:<\/strong> Por supuesto. Animamos a los directores de proyectos, dise\u00f1adores de riego y distribuidores a que soliciten muestras de los modelos de 2L\/h, 4L\/h y 8L\/h para validar el rendimiento y el mecanismo \"Take Apart\".<\/p>\n<p><strong>P: \u00bfCu\u00e1l es el embalaje est\u00e1ndar?<\/strong><\/p>\n<p><strong>A:<\/strong> Nuestro embalaje est\u00e1ndar para la exportaci\u00f3n es de 1.000 unidades por bolsa de PE resistente, con 10 bolsas por caja de cart\u00f3n principal (10.000 unidades por caja de cart\u00f3n).<\/p>\n<p><strong>P: \u00bfCu\u00e1l es el plazo de entrega estimado para un pedido al por mayor?<\/strong><\/p>\n<p><strong>A:<\/strong> El plazo de entrega suele ser de 3-4 semanas para un contenedor de 20 pies o 40 pies, sujeto a la programaci\u00f3n de la producci\u00f3n. P\u00f3ngase en contacto con nosotros para obtener una estimaci\u00f3n actual basada en su pedido.<\/p>\n<h2>Obtenga un presupuesto para su proyecto de un proveedor mundial<\/h2>\n<p>Garantice la uniformidad, fiabilidad y longevidad de su sistema de riego. Deje de sustituir emisores obstruidos y empiece a mantenerlos. Como l\u00edder <strong>fabricante y exportador<\/strong> de Take Apart PC Drippers, proporcionamos componentes fiables y probados sobre el terreno para proyectos agr\u00edcolas y hort\u00edcolas a gran escala en todo el mundo.<\/p>\n<p>P\u00f3ngase en contacto con nosotros hoy mismo para <strong>Solicitud de muestras<\/strong> u obtener un <strong>Presupuesto de precios por volumen<\/strong> para su pr\u00f3ximo proyecto.<\/p>","protected":false},"excerpt":{"rendered":"<ul>\n<li><b>Caudales:<\/b> 2 L\/h (Amarillo), 4 L\/h (Negro), 8 L\/h (Azul)<\/li>\n<li><b>Rango de compensaci\u00f3n de presi\u00f3n:<\/b> 0,5 - 3,5 bar (50 - 350 kPa)<\/li>\n<li><b>Entrada:<\/b> 1\/4-inch Barb (6mm)<\/li>\n<li><b>Caracter\u00edstica clave:<\/b> Dise\u00f1o de piezas giratorias para su limpieza y reutilizaci\u00f3n.<\/li>\n<li><b>Ideal para:<\/b> Pendientes, terrenos irregulares, conductos laterales largos y zonas con agua dura o problemas de obstrucci\u00f3n.<\/li>\n<\/ul>","protected":false},"featured_media":1050,"template":"","meta":{"_acf_changed":false},"product_brand":[],"product_cat":[26],"product_tag":[],"class_list":{"0":"post-1048","1":"product","2":"type-product","3":"status-publish","4":"has-post-thumbnail","6":"product_cat-connectors-fittings","8":"first","9":"instock","10":"shipping-taxable","11":"product-type-simple"},"acf":[],"_links":{"self":[{"href":"https:\/\/okdagro.com\/es\/wp-json\/wp\/v2\/product\/1048","targetHints":{"allow":["GET"]}}],"collection":[{"href":"https:\/\/okdagro.com\/es\/wp-json\/wp\/v2\/product"}],"about":[{"href":"https:\/\/okdagro.com\/es\/wp-json\/wp\/v2\/types\/product"}],"wp:featuredmedia":[{"embeddable":true,"href":"https:\/\/okdagro.com\/es\/wp-json\/wp\/v2\/media\/1050"}],"wp:attachment":[{"href":"https:\/\/okdagro.com\/es\/wp-json\/wp\/v2\/media?parent=1048"}],"wp:term":[{"taxonomy":"product_brand","embeddable":true,"href":"https:\/\/okdagro.com\/es\/wp-json\/wp\/v2\/product_brand?post=1048"},{"taxonomy":"product_cat","embeddable":true,"href":"https:\/\/okdagro.com\/es\/wp-json\/wp\/v2\/product_cat?post=1048"},{"taxonomy":"product_tag","embeddable":true,"href":"https:\/\/okdagro.com\/es\/wp-json\/wp\/v2\/product_tag?post=1048"}],"curies":[{"name":"wp","href":"https:\/\/api.w.org\/{rel}","templated":true}]}}