{"id":348,"date":"2025-09-17T08:31:01","date_gmt":"2025-09-17T08:31:01","guid":{"rendered":"https:\/\/okdagro.com\/?page_id=348"},"modified":"2025-09-23T07:32:50","modified_gmt":"2025-09-23T07:32:50","slug":"emballage-expedition-mondiale","status":"publish","type":"page","link":"https:\/\/okdagro.com\/fr\/emballage-expedition-mondiale\/","title":{"rendered":"Emballage et exp\u00e9dition mondiale"},"content":{"rendered":"<div data-elementor-type=\"wp-page\" data-elementor-id=\"348\" class=\"elementor elementor-348\" data-elementor-post-type=\"page\">\n\t\t\t\t<div class=\"elementor-element elementor-element-5c25ffe e-flex e-con-boxed e-con e-parent\" data-id=\"5c25ffe\" data-element_type=\"container\" data-settings=\"{&quot;background_background&quot;:&quot;classic&quot;}\">\n\t\t\t\t\t<div class=\"e-con-inner\">\n\t\t\t\t<div class=\"elementor-element elementor-element-556909e elementor-align-center elementor-widget elementor-widget-breadcrumbs\" data-id=\"556909e\" data-element_type=\"widget\" data-widget_type=\"breadcrumbs.default\">\n\t\t\t\t<div class=\"elementor-widget-container\">\n\t\t\t\t\t<span><span class=\"last\">Accueil<\/span><\/span>\t\t\t\t<\/div>\n\t\t\t\t<\/div>\n\t\t\t\t<div class=\"elementor-element elementor-element-bd115c9 elementor-widget elementor-widget-text-editor\" data-id=\"bd115c9\" data-element_type=\"widget\" data-widget_type=\"text-editor.default\">\n\t\t\t\t\t\t\t\t\t<p>Emballage fiable et logistique mondiale pour les rubans goutte \u00e0 goutte, les goutteurs, les arroseurs, les pompes solaires et les syst\u00e8mes d'irrigation complets - options FOB \/ CIF \/ EXW disponibles.<\/p>\t\t\t\t\t\t\t\t<\/div>\n\t\t\t\t\t<\/div>\n\t\t\t\t<\/div>\n\t\t<div class=\"elementor-element elementor-element-9da5d3c e-flex e-con-boxed e-con e-child\" data-id=\"9da5d3c\" data-element_type=\"container\">\n\t\t\t\t\t<div class=\"e-con-inner\">\n\t\t<div class=\"elementor-element elementor-element-fb12bb7 e-con-full e-flex e-con e-child\" data-id=\"fb12bb7\" data-element_type=\"container\">\n\t\t\t\t<div class=\"elementor-element elementor-element-89ce302 elementor-widget elementor-widget-heading\" data-id=\"89ce302\" data-element_type=\"widget\" data-widget_type=\"heading.default\">\n\t\t\t\t\t<h2 class=\"elementor-heading-title elementor-size-default\">Emballage s\u00e9curis\u00e9, livraison fiable<\/h2>\t\t\t\t<\/div>\n\t\t\t\t<div class=\"elementor-element elementor-element-2041f06 elementor-widget elementor-widget-text-editor\" data-id=\"2041f06\" data-element_type=\"widget\" data-widget_type=\"text-editor.default\">\n\t\t\t\t\t\t\t\t\t<p>Au\u00a0<strong>OKD AgroTech<\/strong>\u00a0nous veillons \u00e0 ce que vos produits d'irrigation arrivent \u00e0 destination en parfait \u00e9tat. Notre exp\u00e9rience en mati\u00e8re d'exportation et notre solide capacit\u00e9 de production nous permettent d'assurer un emballage s\u00fbr, des conditions d'exp\u00e9dition flexibles et une livraison dans les d\u00e9lais pour les commandes de toute taille. Que vous importiez des bobines de goutte-\u00e0-goutte, des pompes solaires ou des kits d'irrigation complets, nous vous proposons des solutions d'emballage et de logistique sur mesure pour r\u00e9pondre aux exigences de votre march\u00e9.<\/p>\t\t\t\t\t\t\t\t<\/div>\n\t\t\t\t<div class=\"elementor-element elementor-element-e035215 elementor-align-left elementor-mobile-align-justify elementor-widget elementor-widget-button\" data-id=\"e035215\" data-element_type=\"widget\" data-widget_type=\"button.default\">\n\t\t\t\t\t\t\t\t\t\t<a class=\"elementor-button elementor-button-link elementor-size-sm elementor-animation-float\" href=\"#elementor-action%3Aaction%3Dpopup%3Aopen%26settings%3DeyJpZCI6IjQyMSIsInRvZ2dsZSI6ZmFsc2V9\">\n\t\t\t\t\t\t<span class=\"elementor-button-content-wrapper\">\n\t\t\t\t\t\t\t\t\t<span class=\"elementor-button-text\">Envoyez votre demande maintenant<\/span>\n\t\t\t\t\t<\/span>\n\t\t\t\t\t<\/a>\n\t\t\t\t\t\t\t\t<\/div>\n\t\t\t\t<\/div>\n\t\t\t\t\t<\/div>\n\t\t\t\t<\/div>\n\t\t<div class=\"elementor-element elementor-element-91bcbf6 e-flex e-con-boxed e-con e-child\" data-id=\"91bcbf6\" data-element_type=\"container\">\n\t\t\t\t\t<div class=\"e-con-inner\">\n\t\t<div class=\"elementor-element elementor-element-a2ea434 e-con-full e-flex e-con e-child\" data-id=\"a2ea434\" data-element_type=\"container\">\n\t\t<div class=\"elementor-element elementor-element-6216566 e-con-full e-flex e-con e-child\" data-id=\"6216566\" data-element_type=\"container\">\n\t\t\t\t<div class=\"elementor-element elementor-element-5577e92 elementor-widget elementor-widget-heading\" data-id=\"5577e92\" data-element_type=\"widget\" data-widget_type=\"heading.default\">\n\t\t\t\t\t<h2 class=\"elementor-heading-title elementor-size-default\">Conditions d'exp\u00e9dition les plus utilis\u00e9es<\/h2>\t\t\t\t<\/div>\n\t\t\t\t<div class=\"elementor-element elementor-element-9fced9c elementor-widget elementor-widget-text-editor\" data-id=\"9fced9c\" data-element_type=\"widget\" data-widget_type=\"text-editor.default\">\n\t\t\t\t\t\t\t\t\t<p>En g\u00e9n\u00e9ral, lorsque nous \u00e9tablissons un devis, nous utilisons les incoterms FOB, mais si vous souhaitez utiliser d'autres termes d'exp\u00e9dition tels que EXW, C&amp;F, CIF, etc, veuillez nous en informer au pr\u00e9alable. Nous pouvons \u00e9galement vous fournir un service d'exp\u00e9dition porte-\u00e0-porte pour toutes vos commandes.<\/p>\t\t\t\t\t\t\t\t<\/div>\n\t\t\t\t<div class=\"elementor-element elementor-element-9851ac7 elementor-align-left elementor-mobile-align-justify elementor-widget elementor-widget-button\" data-id=\"9851ac7\" data-element_type=\"widget\" data-widget_type=\"button.default\">\n\t\t\t\t\t\t\t\t\t\t<a class=\"elementor-button elementor-button-link elementor-size-sm elementor-animation-float\" href=\"#elementor-action%3Aaction%3Dpopup%3Aopen%26settings%3DeyJpZCI6IjQyMSIsInRvZ2dsZSI6ZmFsc2V9\">\n\t\t\t\t\t\t<span class=\"elementor-button-content-wrapper\">\n\t\t\t\t\t\t\t\t\t<span class=\"elementor-button-text\">Demander un devis imm\u00e9diat<\/span>\n\t\t\t\t\t<\/span>\n\t\t\t\t\t<\/a>\n\t\t\t\t\t\t\t\t<\/div>\n\t\t\t\t<\/div>\n\t\t<div class=\"elementor-element elementor-element-d2d77e2 e-con-full e-flex e-con e-child\" data-id=\"d2d77e2\" data-element_type=\"container\">\n\t\t\t\t<div class=\"elementor-element elementor-element-dc7541f elementor-widget elementor-widget-image\" data-id=\"dc7541f\" data-element_type=\"widget\" data-widget_type=\"image.default\">\n\t\t\t\t\t\t\t\t\t\t\t\t\t\t\t<img fetchpriority=\"high\" decoding=\"async\" width=\"680\" height=\"370\" src=\"https:\/\/okdagro.com\/wp-content\/uploads\/2025\/09\/incoterms.webp\" class=\"attachment-large size-large wp-image-438\" alt=\"\" srcset=\"https:\/\/okdagro.com\/wp-content\/uploads\/2025\/09\/incoterms.webp 680w, https:\/\/okdagro.com\/wp-content\/uploads\/2025\/09\/incoterms-600x326.webp 600w, https:\/\/okdagro.com\/wp-content\/uploads\/2025\/09\/incoterms-300x163.webp 300w\" sizes=\"(max-width: 680px) 100vw, 680px\" \/>\t\t\t\t\t\t\t\t\t\t\t\t\t\t\t<\/div>\n\t\t\t\t<\/div>\n\t\t\t\t<\/div>\n\t\t\t\t\t<\/div>\n\t\t\t\t<\/div>\n\t\t<div class=\"elementor-element elementor-element-311dc38 e-flex e-con-boxed e-con e-child\" data-id=\"311dc38\" data-element_type=\"container\" data-settings=\"{&quot;background_background&quot;:&quot;classic&quot;}\">\n\t\t\t\t\t<div class=\"e-con-inner\">\n\t\t<div class=\"elementor-element elementor-element-61dd62d e-con-full e-flex e-con e-child\" data-id=\"61dd62d\" data-element_type=\"container\">\n\t\t<div class=\"elementor-element elementor-element-1c60bdb e-con-full e-flex e-con e-child\" data-id=\"1c60bdb\" data-element_type=\"container\">\n\t\t\t\t<div class=\"elementor-element elementor-element-25335f0 elementor-widget elementor-widget-image\" data-id=\"25335f0\" data-element_type=\"widget\" data-widget_type=\"image.default\">\n\t\t\t\t\t\t\t\t\t\t\t\t\t\t\t<img decoding=\"async\" width=\"800\" height=\"534\" src=\"https:\/\/okdagro.com\/wp-content\/uploads\/2025\/09\/ck-1024x683.webp\" class=\"attachment-large size-large wp-image-139\" alt=\"\" srcset=\"https:\/\/okdagro.com\/wp-content\/uploads\/2025\/09\/ck-1024x683.webp 1024w, https:\/\/okdagro.com\/wp-content\/uploads\/2025\/09\/ck-scaled-600x400.webp 600w, https:\/\/okdagro.com\/wp-content\/uploads\/2025\/09\/ck-300x200.webp 300w, https:\/\/okdagro.com\/wp-content\/uploads\/2025\/09\/ck-768x512.webp 768w, https:\/\/okdagro.com\/wp-content\/uploads\/2025\/09\/ck-1536x1024.webp 1536w, https:\/\/okdagro.com\/wp-content\/uploads\/2025\/09\/ck-2048x1365.webp 2048w\" sizes=\"(max-width: 800px) 100vw, 800px\" \/>\t\t\t\t\t\t\t\t\t\t\t\t\t\t\t<\/div>\n\t\t\t\t<\/div>\n\t\t<div class=\"elementor-element elementor-element-7af4965 e-con-full e-flex e-con e-child\" data-id=\"7af4965\" data-element_type=\"container\">\n\t\t\t\t<div class=\"elementor-element elementor-element-bb74594 elementor-widget elementor-widget-heading\" data-id=\"bb74594\" data-element_type=\"widget\" data-widget_type=\"heading.default\">\n\t\t\t\t\t<h2 class=\"elementor-heading-title elementor-size-default\">D\u00e9lai d'ex\u00e9cution et processus de commande<\/h2>\t\t\t\t<\/div>\n\t\t\t\t<div class=\"elementor-element elementor-element-7c35657 elementor-widget elementor-widget-text-editor\" data-id=\"7c35657\" data-element_type=\"widget\" data-widget_type=\"text-editor.default\">\n\t\t\t\t\t\t\t\t\t<p class=\"mb-3 text-sm text-gray-700\">D\u00e9lais typiques (en fonction de la taille de la commande et de la saison) :<\/p><ul class=\"list-disc ml-6 text-sm text-gray-700 mb-4\"><li>\u00c9chantillons : <strong>3-7<\/strong> jours ouvrables (plus frais de port)<\/li><li>Petites commandes de production : <strong>10-20<\/strong> jours ouvrables<\/li><li>Commandes de production importantes : <strong>20-35<\/strong> jours ouvrables<\/li><\/ul><p class=\"text-sm text-gray-700\">La production en urgence et l'exp\u00e9dition prioritaire peuvent \u00eatre organis\u00e9es pour les projets urgents - contactez-nous pour plus de d\u00e9tails et un calendrier personnalis\u00e9.<\/p>\t\t\t\t\t\t\t\t<\/div>\n\t\t\t\t<div class=\"elementor-element elementor-element-015b80c elementor-align-left elementor-mobile-align-justify elementor-widget elementor-widget-button\" data-id=\"015b80c\" data-element_type=\"widget\" data-widget_type=\"button.default\">\n\t\t\t\t\t\t\t\t\t\t<a class=\"elementor-button elementor-button-link elementor-size-sm elementor-animation-float\" href=\"#elementor-action%3Aaction%3Dpopup%3Aopen%26settings%3DeyJpZCI6IjQyMSIsInRvZ2dsZSI6ZmFsc2V9\">\n\t\t\t\t\t\t<span class=\"elementor-button-content-wrapper\">\n\t\t\t\t\t\t\t\t\t<span class=\"elementor-button-text\">Demander un devis imm\u00e9diat<\/span>\n\t\t\t\t\t<\/span>\n\t\t\t\t\t<\/a>\n\t\t\t\t\t\t\t\t<\/div>\n\t\t\t\t<\/div>\n\t\t\t\t<\/div>\n\t\t\t\t\t<\/div>\n\t\t\t\t<\/div>\n\t\t<div class=\"elementor-element elementor-element-144c7c4 e-flex e-con-boxed e-con e-child\" data-id=\"144c7c4\" data-element_type=\"container\">\n\t\t\t\t\t<div class=\"e-con-inner\">\n\t\t<div class=\"elementor-element elementor-element-a20e71d e-con-full e-flex e-con e-child\" data-id=\"a20e71d\" data-element_type=\"container\">\n\t\t<div class=\"elementor-element elementor-element-7d9cf39 e-con-full e-flex e-con e-child\" data-id=\"7d9cf39\" data-element_type=\"container\">\n\t\t\t\t<div class=\"elementor-element elementor-element-0e343fa elementor-widget elementor-widget-heading\" data-id=\"0e343fa\" data-element_type=\"widget\" data-widget_type=\"heading.default\">\n\t\t\t\t\t<h2 class=\"elementor-heading-title elementor-size-default\">Comment nous exp\u00e9dions vos marchandises depuis la Chine<\/h2>\t\t\t\t<\/div>\n\t\t\t\t<div class=\"elementor-element elementor-element-84cabde elementor-widget elementor-widget-text-editor\" data-id=\"84cabde\" data-element_type=\"widget\" data-widget_type=\"text-editor.default\">\n\t\t\t\t\t\t\t\t\t<p><strong>OKD AgroTech<\/strong> choisira la m\u00e9thode d'exp\u00e9dition la plus appropri\u00e9e en fonction du volume final de votre commande. Nous livrons les produits d'irrigation goutte \u00e0 goutte, les pompes solaires et les accessoires dans le monde entier gr\u00e2ce aux options suivantes :<\/p><ul><li>Fret maritime<\/li><li>Fret a\u00e9rien<\/li><li>Fret ferroviaire<\/li><li>Exp\u00e9dition par camion<\/li><li>Exp\u00e9dition express<\/li><\/ul>\t\t\t\t\t\t\t\t<\/div>\n\t\t\t\t<div class=\"elementor-element elementor-element-bf23ce6 elementor-align-left elementor-mobile-align-justify elementor-widget elementor-widget-button\" data-id=\"bf23ce6\" data-element_type=\"widget\" data-widget_type=\"button.default\">\n\t\t\t\t\t\t\t\t\t\t<a class=\"elementor-button elementor-button-link elementor-size-sm elementor-animation-float\" href=\"#elementor-action%3Aaction%3Dpopup%3Aopen%26settings%3DeyJpZCI6IjQyMSIsInRvZ2dsZSI6ZmFsc2V9\">\n\t\t\t\t\t\t<span class=\"elementor-button-content-wrapper\">\n\t\t\t\t\t\t\t\t\t<span class=\"elementor-button-text\">Demander un devis imm\u00e9diat<\/span>\n\t\t\t\t\t<\/span>\n\t\t\t\t\t<\/a>\n\t\t\t\t\t\t\t\t<\/div>\n\t\t\t\t<\/div>\n\t\t<div class=\"elementor-element elementor-element-88a9416 e-con-full e-flex e-con e-child\" data-id=\"88a9416\" data-element_type=\"container\">\n\t\t\t\t<div class=\"elementor-element elementor-element-3ff3201 elementor-widget elementor-widget-image\" data-id=\"3ff3201\" data-element_type=\"widget\" data-widget_type=\"image.default\">\n\t\t\t\t\t\t\t\t\t\t\t\t\t\t\t<img decoding=\"async\" width=\"800\" height=\"480\" src=\"https:\/\/okdagro.com\/wp-content\/uploads\/2025\/09\/modes-of-transportation-web-1.webp\" class=\"attachment-large size-large wp-image-464\" alt=\"\" srcset=\"https:\/\/okdagro.com\/wp-content\/uploads\/2025\/09\/modes-of-transportation-web-1.webp 1000w, https:\/\/okdagro.com\/wp-content\/uploads\/2025\/09\/modes-of-transportation-web-1-600x360.webp 600w, https:\/\/okdagro.com\/wp-content\/uploads\/2025\/09\/modes-of-transportation-web-1-300x180.webp 300w, https:\/\/okdagro.com\/wp-content\/uploads\/2025\/09\/modes-of-transportation-web-1-768x461.webp 768w\" sizes=\"(max-width: 800px) 100vw, 800px\" \/>\t\t\t\t\t\t\t\t\t\t\t\t\t\t\t<\/div>\n\t\t\t\t<\/div>\n\t\t\t\t<\/div>\n\t\t\t\t\t<\/div>\n\t\t\t\t<\/div>\n\t\t<div class=\"elementor-element elementor-element-cefe5c5 e-flex e-con-boxed e-con e-child\" data-id=\"cefe5c5\" data-element_type=\"container\">\n\t\t\t\t\t<div class=\"e-con-inner\">\n\t\t<div class=\"elementor-element elementor-element-a083be1 e-con-full e-flex e-con e-child\" data-id=\"a083be1\" data-element_type=\"container\">\n\t\t\t\t<div class=\"elementor-element elementor-element-9a71dde elementor-widget elementor-widget-heading\" data-id=\"9a71dde\" data-element_type=\"widget\" data-widget_type=\"heading.default\">\n\t\t\t\t\t<h2 class=\"elementor-heading-title elementor-size-default\">M\u00e9thodes d'emballage<\/h2>\t\t\t\t<\/div>\n\t\t\t\t<div class=\"elementor-element elementor-element-1e58844 elementor-widget elementor-widget-text-editor\" data-id=\"1e58844\" data-element_type=\"widget\" data-widget_type=\"text-editor.default\">\n\t\t\t\t\t\t\t\t\t<p>Nous appliquons des solutions d'emballage en fonction du type de produit, de la taille de la commande et de la destination. Les principales m\u00e9thodes d'emballage sont les suivantes<\/p>\t\t\t\t\t\t\t\t<\/div>\n\t\t<div class=\"elementor-element elementor-element-7ae9010 e-con-full e-flex e-con e-child\" data-id=\"7ae9010\" data-element_type=\"container\">\n\t\t<div class=\"elementor-element elementor-element-70557e2 e-con-full e-flex e-con e-child\" data-id=\"70557e2\" data-element_type=\"container\">\n\t\t\t\t<div class=\"elementor-element elementor-element-c269585 elementor-position-top elementor-widget elementor-widget-image-box\" data-id=\"c269585\" data-element_type=\"widget\" data-widget_type=\"image-box.default\">\n\t\t\t\t\t<div class=\"elementor-image-box-wrapper\"><figure class=\"elementor-image-box-img\"><img loading=\"lazy\" decoding=\"async\" width=\"750\" height=\"500\" src=\"https:\/\/okdagro.com\/wp-content\/uploads\/2025\/09\/Reel-Packing-Drip-Tape-Drip-Line.webp\" class=\"attachment-full size-full wp-image-692\" alt=\"\" srcset=\"https:\/\/okdagro.com\/wp-content\/uploads\/2025\/09\/Reel-Packing-Drip-Tape-Drip-Line.webp 750w, https:\/\/okdagro.com\/wp-content\/uploads\/2025\/09\/Reel-Packing-Drip-Tape-Drip-Line-300x200.webp 300w, https:\/\/okdagro.com\/wp-content\/uploads\/2025\/09\/Reel-Packing-Drip-Tape-Drip-Line-600x400.webp 600w\" sizes=\"(max-width: 750px) 100vw, 750px\" \/><\/figure><div class=\"elementor-image-box-content\"><h3 class=\"elementor-image-box-title\">Emballage des bobines<\/h3><p class=\"elementor-image-box-description\">Les rubans d'\u00e9gouttage sont enroul\u00e9s sur des bobines en plastique ou en bois tr\u00e8s r\u00e9sistantes et prot\u00e9g\u00e9s par des noyaux int\u00e9rieurs, un film r\u00e9tractable et des rev\u00eatements imperm\u00e9ables pour \u00e9viter l'humidit\u00e9 et les d\u00e9formations pendant le transport.<\/p><\/div><\/div>\t\t\t\t<\/div>\n\t\t\t\t<\/div>\n\t\t<div class=\"elementor-element elementor-element-cdbbff5 e-con-full e-flex e-con e-child\" data-id=\"cdbbff5\" data-element_type=\"container\">\n\t\t\t\t<div class=\"elementor-element elementor-element-892aaba elementor-position-top elementor-widget elementor-widget-image-box\" data-id=\"892aaba\" data-element_type=\"widget\" data-widget_type=\"image-box.default\">\n\t\t\t\t\t<div class=\"elementor-image-box-wrapper\"><figure class=\"elementor-image-box-img\"><img loading=\"lazy\" decoding=\"async\" width=\"750\" height=\"500\" src=\"https:\/\/okdagro.com\/wp-content\/uploads\/2025\/09\/Carton-Pallet.webp\" class=\"attachment-full size-full wp-image-691\" alt=\"\" srcset=\"https:\/\/okdagro.com\/wp-content\/uploads\/2025\/09\/Carton-Pallet.webp 750w, https:\/\/okdagro.com\/wp-content\/uploads\/2025\/09\/Carton-Pallet-300x200.webp 300w, https:\/\/okdagro.com\/wp-content\/uploads\/2025\/09\/Carton-Pallet-600x400.webp 600w\" sizes=\"(max-width: 750px) 100vw, 750px\" \/><\/figure><div class=\"elementor-image-box-content\"><h3 class=\"elementor-image-box-title\">Carton et palette<\/h3><p class=\"elementor-image-box-description\">Les petites pi\u00e8ces, les raccords et les goutteurs en bo\u00eete sont emball\u00e9s dans des cartons ondul\u00e9s, puis palettis\u00e9s avec du film \u00e9tirable et des protections d'angle pour un arrimage s\u00fbr des conteneurs.<\/p><\/div><\/div>\t\t\t\t<\/div>\n\t\t\t\t<\/div>\n\t\t<div class=\"elementor-element elementor-element-8a31208 e-con-full e-flex e-con e-child\" data-id=\"8a31208\" data-element_type=\"container\">\n\t\t\t\t<div class=\"elementor-element elementor-element-ca46d00 elementor-position-top elementor-widget elementor-widget-image-box\" data-id=\"ca46d00\" data-element_type=\"widget\" data-widget_type=\"image-box.default\">\n\t\t\t\t\t<div class=\"elementor-image-box-wrapper\"><figure class=\"elementor-image-box-img\"><img loading=\"lazy\" decoding=\"async\" width=\"750\" height=\"500\" src=\"https:\/\/okdagro.com\/wp-content\/uploads\/2025\/09\/Crate-Wooden-Case.webp\" class=\"attachment-full size-full wp-image-693\" alt=\"\" srcset=\"https:\/\/okdagro.com\/wp-content\/uploads\/2025\/09\/Crate-Wooden-Case.webp 750w, https:\/\/okdagro.com\/wp-content\/uploads\/2025\/09\/Crate-Wooden-Case-300x200.webp 300w, https:\/\/okdagro.com\/wp-content\/uploads\/2025\/09\/Crate-Wooden-Case-600x400.webp 600w\" sizes=\"(max-width: 750px) 100vw, 750px\" \/><\/figure><div class=\"elementor-image-box-content\"><h3 class=\"elementor-image-box-title\">Caisse et coffret en bois<\/h3><p class=\"elementor-image-box-description\">Les articles volumineux ou lourds, tels que les pompes solaires et les bo\u00eetiers de commande, sont plac\u00e9s dans des caisses en bois personnalis\u00e9es avec de la mousse et des sangles pour r\u00e9sister \u00e0 la manutention et au transport sur de longues distances.<\/p><\/div><\/div>\t\t\t\t<\/div>\n\t\t\t\t<\/div>\n\t\t<div class=\"elementor-element elementor-element-d4bee3c e-con-full e-flex e-con e-child\" data-id=\"d4bee3c\" data-element_type=\"container\">\n\t\t\t\t<div class=\"elementor-element elementor-element-e086619 elementor-position-top elementor-widget elementor-widget-image-box\" data-id=\"e086619\" data-element_type=\"widget\" data-widget_type=\"image-box.default\">\n\t\t\t\t\t<div class=\"elementor-image-box-wrapper\"><figure class=\"elementor-image-box-img\"><img loading=\"lazy\" decoding=\"async\" width=\"750\" height=\"500\" src=\"https:\/\/okdagro.com\/wp-content\/uploads\/2025\/09\/Bulk-Packaging.webp\" class=\"attachment-full size-full wp-image-690\" alt=\"\" srcset=\"https:\/\/okdagro.com\/wp-content\/uploads\/2025\/09\/Bulk-Packaging.webp 750w, https:\/\/okdagro.com\/wp-content\/uploads\/2025\/09\/Bulk-Packaging-300x200.webp 300w, https:\/\/okdagro.com\/wp-content\/uploads\/2025\/09\/Bulk-Packaging-600x400.webp 600w\" sizes=\"(max-width: 750px) 100vw, 750px\" \/><\/figure><div class=\"elementor-image-box-content\"><h3 class=\"elementor-image-box-title\">Emballage en vrac<\/h3><p class=\"elementor-image-box-description\">Les tuyaux et tubes en vrac peuvent \u00eatre exp\u00e9di\u00e9s en bobines ou en bo\u00eetes en vrac pour un transport \u00e9conomique de grands volumes.<\/p><\/div><\/div>\t\t\t\t<\/div>\n\t\t\t\t<\/div>\n\t\t\t\t<\/div>\n\t\t\t\t<div class=\"elementor-element elementor-element-78ab95f elementor-align-left elementor-mobile-align-justify elementor-widget elementor-widget-button\" data-id=\"78ab95f\" data-element_type=\"widget\" data-widget_type=\"button.default\">\n\t\t\t\t\t\t\t\t\t\t<a class=\"elementor-button elementor-button-link elementor-size-sm elementor-animation-float\" href=\"#elementor-action%3Aaction%3Dpopup%3Aopen%26settings%3DeyJpZCI6IjQyMSIsInRvZ2dsZSI6ZmFsc2V9\">\n\t\t\t\t\t\t<span class=\"elementor-button-content-wrapper\">\n\t\t\t\t\t\t\t\t\t<span class=\"elementor-button-text\">Envoyez votre demande maintenant<\/span>\n\t\t\t\t\t<\/span>\n\t\t\t\t\t<\/a>\n\t\t\t\t\t\t\t\t<\/div>\n\t\t\t\t<\/div>\n\t\t\t\t\t<\/div>\n\t\t\t\t<\/div>\n\t\t\t\t<\/div>","protected":false},"excerpt":{"rendered":"<p>Accueil Emballage fiable et logistique globale pour les bandes de goutte \u00e0 goutte, les goutteurs, les arroseurs, les pompes solaires et les syst\u00e8mes d'irrigation complets - options FOB \/ CIF \/ EXW disponibles. Emballage s\u00e9curis\u00e9, livraison fiable Chez OKD AgroTech, nous veillons \u00e0 ce que vos produits d'irrigation arrivent \u00e0 destination en parfait \u00e9tat. Notre exp\u00e9rience de l'exportation et notre solide capacit\u00e9 de production permettent un emballage s\u00fbr, des conditions d'exp\u00e9dition flexibles et [...]<\/p>","protected":false},"author":1,"featured_media":0,"parent":0,"menu_order":0,"comment_status":"closed","ping_status":"closed","template":"","meta":{"_acf_changed":false,"footnotes":""},"class_list":["post-348","page","type-page","status-publish","hentry"],"acf":[],"_links":{"self":[{"href":"https:\/\/okdagro.com\/fr\/wp-json\/wp\/v2\/pages\/348","targetHints":{"allow":["GET"]}}],"collection":[{"href":"https:\/\/okdagro.com\/fr\/wp-json\/wp\/v2\/pages"}],"about":[{"href":"https:\/\/okdagro.com\/fr\/wp-json\/wp\/v2\/types\/page"}],"author":[{"embeddable":true,"href":"https:\/\/okdagro.com\/fr\/wp-json\/wp\/v2\/users\/1"}],"replies":[{"embeddable":true,"href":"https:\/\/okdagro.com\/fr\/wp-json\/wp\/v2\/comments?post=348"}],"version-history":[{"count":50,"href":"https:\/\/okdagro.com\/fr\/wp-json\/wp\/v2\/pages\/348\/revisions"}],"predecessor-version":[{"id":857,"href":"https:\/\/okdagro.com\/fr\/wp-json\/wp\/v2\/pages\/348\/revisions\/857"}],"wp:attachment":[{"href":"https:\/\/okdagro.com\/fr\/wp-json\/wp\/v2\/media?parent=348"}],"curies":[{"name":"wp","href":"https:\/\/api.w.org\/{rel}","templated":true}]}}