{"id":348,"date":"2025-09-17T08:31:01","date_gmt":"2025-09-17T08:31:01","guid":{"rendered":"https:\/\/okdagro.com\/?page_id=348"},"modified":"2025-09-23T07:32:50","modified_gmt":"2025-09-23T07:32:50","slug":"embalagem-expedicao-global","status":"publish","type":"page","link":"https:\/\/okdagro.com\/pt\/embalagem-expedicao-global\/","title":{"rendered":"Embalagem e envio global"},"content":{"rendered":"<div data-elementor-type=\"wp-page\" data-elementor-id=\"348\" class=\"elementor elementor-348\" data-elementor-post-type=\"page\">\n\t\t\t\t<div class=\"elementor-element elementor-element-5c25ffe e-flex e-con-boxed e-con e-parent\" data-id=\"5c25ffe\" data-element_type=\"container\" data-settings=\"{&quot;background_background&quot;:&quot;classic&quot;}\">\n\t\t\t\t\t<div class=\"e-con-inner\">\n\t\t\t\t<div class=\"elementor-element elementor-element-556909e elementor-align-center elementor-widget elementor-widget-breadcrumbs\" data-id=\"556909e\" data-element_type=\"widget\" data-widget_type=\"breadcrumbs.default\">\n\t\t\t\t<div class=\"elementor-widget-container\">\n\t\t\t\t\t<span><span class=\"last\">In\u00edcio<\/span><\/span>\t\t\t\t<\/div>\n\t\t\t\t<\/div>\n\t\t\t\t<div class=\"elementor-element elementor-element-bd115c9 elementor-widget elementor-widget-text-editor\" data-id=\"bd115c9\" data-element_type=\"widget\" data-widget_type=\"text-editor.default\">\n\t\t\t\t\t\t\t\t\t<p>Embalagem fi\u00e1vel e log\u00edstica global para fitas gota-a-gota, gotejadores, aspersores, bombas solares e sistemas de irriga\u00e7\u00e3o completos - op\u00e7\u00f5es FOB \/ CIF \/ EXW dispon\u00edveis.<\/p>\t\t\t\t\t\t\t\t<\/div>\n\t\t\t\t\t<\/div>\n\t\t\t\t<\/div>\n\t\t<div class=\"elementor-element elementor-element-9da5d3c e-flex e-con-boxed e-con e-child\" data-id=\"9da5d3c\" data-element_type=\"container\">\n\t\t\t\t\t<div class=\"e-con-inner\">\n\t\t<div class=\"elementor-element elementor-element-fb12bb7 e-con-full e-flex e-con e-child\" data-id=\"fb12bb7\" data-element_type=\"container\">\n\t\t\t\t<div class=\"elementor-element elementor-element-89ce302 elementor-widget elementor-widget-heading\" data-id=\"89ce302\" data-element_type=\"widget\" data-widget_type=\"heading.default\">\n\t\t\t\t\t<h2 class=\"elementor-heading-title elementor-size-default\">Embalagem segura, entrega fi\u00e1vel<\/h2>\t\t\t\t<\/div>\n\t\t\t\t<div class=\"elementor-element elementor-element-2041f06 elementor-widget elementor-widget-text-editor\" data-id=\"2041f06\" data-element_type=\"widget\" data-widget_type=\"text-editor.default\">\n\t\t\t\t\t\t\t\t\t<p>Em\u00a0<strong>OKD AgroTech<\/strong>\u00a0garantimos que os seus produtos de irriga\u00e7\u00e3o chegam ao destino em perfeitas condi\u00e7\u00f5es. A nossa experi\u00eancia em exporta\u00e7\u00e3o e a nossa robusta capacidade de produ\u00e7\u00e3o permitem uma embalagem segura, condi\u00e7\u00f5es de envio flex\u00edveis e entregas atempadas para encomendas de qualquer dimens\u00e3o. Quer esteja a importar carret\u00e9is de fita gota-a-gota, bombas solares ou kits de rega completos, oferecemos solu\u00e7\u00f5es de embalagem e log\u00edstica personalizadas para satisfazer os requisitos do seu mercado.<\/p>\t\t\t\t\t\t\t\t<\/div>\n\t\t\t\t<div class=\"elementor-element elementor-element-e035215 elementor-align-left elementor-mobile-align-justify elementor-widget elementor-widget-button\" data-id=\"e035215\" data-element_type=\"widget\" data-widget_type=\"button.default\">\n\t\t\t\t\t\t\t\t\t\t<a class=\"elementor-button elementor-button-link elementor-size-sm elementor-animation-float\" href=\"#elementor-action%3Aaction%3Dpopup%3Aopen%26settings%3DeyJpZCI6IjQyMSIsInRvZ2dsZSI6ZmFsc2V9\">\n\t\t\t\t\t\t<span class=\"elementor-button-content-wrapper\">\n\t\t\t\t\t\t\t\t\t<span class=\"elementor-button-text\">Enviar o seu pedido de informa\u00e7\u00e3o agora<\/span>\n\t\t\t\t\t<\/span>\n\t\t\t\t\t<\/a>\n\t\t\t\t\t\t\t\t<\/div>\n\t\t\t\t<\/div>\n\t\t\t\t\t<\/div>\n\t\t\t\t<\/div>\n\t\t<div class=\"elementor-element elementor-element-91bcbf6 e-flex e-con-boxed e-con e-child\" data-id=\"91bcbf6\" data-element_type=\"container\">\n\t\t\t\t\t<div class=\"e-con-inner\">\n\t\t<div class=\"elementor-element elementor-element-a2ea434 e-con-full e-flex e-con e-child\" data-id=\"a2ea434\" data-element_type=\"container\">\n\t\t<div class=\"elementor-element elementor-element-6216566 e-con-full e-flex e-con e-child\" data-id=\"6216566\" data-element_type=\"container\">\n\t\t\t\t<div class=\"elementor-element elementor-element-5577e92 elementor-widget elementor-widget-heading\" data-id=\"5577e92\" data-element_type=\"widget\" data-widget_type=\"heading.default\">\n\t\t\t\t\t<h2 class=\"elementor-heading-title elementor-size-default\">Termos de envio mais utilizados<\/h2>\t\t\t\t<\/div>\n\t\t\t\t<div class=\"elementor-element elementor-element-9fced9c elementor-widget elementor-widget-text-editor\" data-id=\"9fced9c\" data-element_type=\"widget\" data-widget_type=\"text-editor.default\">\n\t\t\t\t\t\t\t\t\t<p>Normalmente, quando fazemos uma cota\u00e7\u00e3o, utilizamos os incoterms FOB, mas se pretender utilizar outros termos de envio como EXW, C&amp;F, CIF, etc., informe-nos primeiro. Tamb\u00e9m podemos fornecer um servi\u00e7o de transporte porta-a-porta para qualquer uma das suas encomendas.<\/p>\t\t\t\t\t\t\t\t<\/div>\n\t\t\t\t<div class=\"elementor-element elementor-element-9851ac7 elementor-align-left elementor-mobile-align-justify elementor-widget elementor-widget-button\" data-id=\"9851ac7\" data-element_type=\"widget\" data-widget_type=\"button.default\">\n\t\t\t\t\t\t\t\t\t\t<a class=\"elementor-button elementor-button-link elementor-size-sm elementor-animation-float\" href=\"#elementor-action%3Aaction%3Dpopup%3Aopen%26settings%3DeyJpZCI6IjQyMSIsInRvZ2dsZSI6ZmFsc2V9\">\n\t\t\t\t\t\t<span class=\"elementor-button-content-wrapper\">\n\t\t\t\t\t\t\t\t\t<span class=\"elementor-button-text\">Pedir um or\u00e7amento imediato<\/span>\n\t\t\t\t\t<\/span>\n\t\t\t\t\t<\/a>\n\t\t\t\t\t\t\t\t<\/div>\n\t\t\t\t<\/div>\n\t\t<div class=\"elementor-element elementor-element-d2d77e2 e-con-full e-flex e-con e-child\" data-id=\"d2d77e2\" data-element_type=\"container\">\n\t\t\t\t<div class=\"elementor-element elementor-element-dc7541f elementor-widget elementor-widget-image\" data-id=\"dc7541f\" data-element_type=\"widget\" data-widget_type=\"image.default\">\n\t\t\t\t\t\t\t\t\t\t\t\t\t\t\t<img fetchpriority=\"high\" decoding=\"async\" width=\"680\" height=\"370\" src=\"https:\/\/okdagro.com\/wp-content\/uploads\/2025\/09\/incoterms.webp\" class=\"attachment-large size-large wp-image-438\" alt=\"\" srcset=\"https:\/\/okdagro.com\/wp-content\/uploads\/2025\/09\/incoterms.webp 680w, https:\/\/okdagro.com\/wp-content\/uploads\/2025\/09\/incoterms-600x326.webp 600w, https:\/\/okdagro.com\/wp-content\/uploads\/2025\/09\/incoterms-300x163.webp 300w\" sizes=\"(max-width: 680px) 100vw, 680px\" \/>\t\t\t\t\t\t\t\t\t\t\t\t\t\t\t<\/div>\n\t\t\t\t<\/div>\n\t\t\t\t<\/div>\n\t\t\t\t\t<\/div>\n\t\t\t\t<\/div>\n\t\t<div class=\"elementor-element elementor-element-311dc38 e-flex e-con-boxed e-con e-child\" data-id=\"311dc38\" data-element_type=\"container\" data-settings=\"{&quot;background_background&quot;:&quot;classic&quot;}\">\n\t\t\t\t\t<div class=\"e-con-inner\">\n\t\t<div class=\"elementor-element elementor-element-61dd62d e-con-full e-flex e-con e-child\" data-id=\"61dd62d\" data-element_type=\"container\">\n\t\t<div class=\"elementor-element elementor-element-1c60bdb e-con-full e-flex e-con e-child\" data-id=\"1c60bdb\" data-element_type=\"container\">\n\t\t\t\t<div class=\"elementor-element elementor-element-25335f0 elementor-widget elementor-widget-image\" data-id=\"25335f0\" data-element_type=\"widget\" data-widget_type=\"image.default\">\n\t\t\t\t\t\t\t\t\t\t\t\t\t\t\t<img decoding=\"async\" width=\"800\" height=\"534\" src=\"https:\/\/okdagro.com\/wp-content\/uploads\/2025\/09\/ck-1024x683.webp\" class=\"attachment-large size-large wp-image-139\" alt=\"\" srcset=\"https:\/\/okdagro.com\/wp-content\/uploads\/2025\/09\/ck-1024x683.webp 1024w, https:\/\/okdagro.com\/wp-content\/uploads\/2025\/09\/ck-scaled-600x400.webp 600w, https:\/\/okdagro.com\/wp-content\/uploads\/2025\/09\/ck-300x200.webp 300w, https:\/\/okdagro.com\/wp-content\/uploads\/2025\/09\/ck-768x512.webp 768w, https:\/\/okdagro.com\/wp-content\/uploads\/2025\/09\/ck-1536x1024.webp 1536w, https:\/\/okdagro.com\/wp-content\/uploads\/2025\/09\/ck-2048x1365.webp 2048w\" sizes=\"(max-width: 800px) 100vw, 800px\" \/>\t\t\t\t\t\t\t\t\t\t\t\t\t\t\t<\/div>\n\t\t\t\t<\/div>\n\t\t<div class=\"elementor-element elementor-element-7af4965 e-con-full e-flex e-con e-child\" data-id=\"7af4965\" data-element_type=\"container\">\n\t\t\t\t<div class=\"elementor-element elementor-element-bb74594 elementor-widget elementor-widget-heading\" data-id=\"bb74594\" data-element_type=\"widget\" data-widget_type=\"heading.default\">\n\t\t\t\t\t<h2 class=\"elementor-heading-title elementor-size-default\">Prazo de entrega e processo de encomenda<\/h2>\t\t\t\t<\/div>\n\t\t\t\t<div class=\"elementor-element elementor-element-7c35657 elementor-widget elementor-widget-text-editor\" data-id=\"7c35657\" data-element_type=\"widget\" data-widget_type=\"text-editor.default\">\n\t\t\t\t\t\t\t\t\t<p class=\"mb-3 text-sm text-gray-700\">Prazos de entrega t\u00edpicos (sujeitos ao tamanho da encomenda e \u00e0 esta\u00e7\u00e3o do ano):<\/p><ul class=\"list-disc ml-6 text-sm text-gray-700 mb-4\"><li>Amostras: <strong>3-7<\/strong> dias \u00fateis (mais portes de envio)<\/li><li>Pequenas encomendas de produ\u00e7\u00e3o: <strong>10-20<\/strong> dias \u00fateis<\/li><li>Grandes encomendas de produ\u00e7\u00e3o: <strong>20-35<\/strong> dias \u00fateis<\/li><\/ul><p class=\"text-sm text-gray-700\">A produ\u00e7\u00e3o urgente e o envio priorit\u00e1rio podem ser organizados para projectos urgentes - contacte-nos para obter detalhes e um calend\u00e1rio personalizado.<\/p>\t\t\t\t\t\t\t\t<\/div>\n\t\t\t\t<div class=\"elementor-element elementor-element-015b80c elementor-align-left elementor-mobile-align-justify elementor-widget elementor-widget-button\" data-id=\"015b80c\" data-element_type=\"widget\" data-widget_type=\"button.default\">\n\t\t\t\t\t\t\t\t\t\t<a class=\"elementor-button elementor-button-link elementor-size-sm elementor-animation-float\" href=\"#elementor-action%3Aaction%3Dpopup%3Aopen%26settings%3DeyJpZCI6IjQyMSIsInRvZ2dsZSI6ZmFsc2V9\">\n\t\t\t\t\t\t<span class=\"elementor-button-content-wrapper\">\n\t\t\t\t\t\t\t\t\t<span class=\"elementor-button-text\">Pedir um or\u00e7amento imediato<\/span>\n\t\t\t\t\t<\/span>\n\t\t\t\t\t<\/a>\n\t\t\t\t\t\t\t\t<\/div>\n\t\t\t\t<\/div>\n\t\t\t\t<\/div>\n\t\t\t\t\t<\/div>\n\t\t\t\t<\/div>\n\t\t<div class=\"elementor-element elementor-element-144c7c4 e-flex e-con-boxed e-con e-child\" data-id=\"144c7c4\" data-element_type=\"container\">\n\t\t\t\t\t<div class=\"e-con-inner\">\n\t\t<div class=\"elementor-element elementor-element-a20e71d e-con-full e-flex e-con e-child\" data-id=\"a20e71d\" data-element_type=\"container\">\n\t\t<div class=\"elementor-element elementor-element-7d9cf39 e-con-full e-flex e-con e-child\" data-id=\"7d9cf39\" data-element_type=\"container\">\n\t\t\t\t<div class=\"elementor-element elementor-element-0e343fa elementor-widget elementor-widget-heading\" data-id=\"0e343fa\" data-element_type=\"widget\" data-widget_type=\"heading.default\">\n\t\t\t\t\t<h2 class=\"elementor-heading-title elementor-size-default\">Como enviamos os seus produtos da China<\/h2>\t\t\t\t<\/div>\n\t\t\t\t<div class=\"elementor-element elementor-element-84cabde elementor-widget elementor-widget-text-editor\" data-id=\"84cabde\" data-element_type=\"widget\" data-widget_type=\"text-editor.default\">\n\t\t\t\t\t\t\t\t\t<p><strong>OKD AgroTech<\/strong> escolher\u00e1 o m\u00e9todo de envio mais adequado com base no volume final da sua encomenda. Entregamos produtos de rega gota-a-gota, bombas solares e acess\u00f3rios em todo o mundo atrav\u00e9s das seguintes op\u00e7\u00f5es:<\/p><ul><li>Transporte mar\u00edtimo<\/li><li>Transporte a\u00e9reo<\/li><li>Transporte ferrovi\u00e1rio de mercadorias<\/li><li>Transporte de cami\u00f5es<\/li><li>Envio expresso<\/li><\/ul>\t\t\t\t\t\t\t\t<\/div>\n\t\t\t\t<div class=\"elementor-element elementor-element-bf23ce6 elementor-align-left elementor-mobile-align-justify elementor-widget elementor-widget-button\" data-id=\"bf23ce6\" data-element_type=\"widget\" data-widget_type=\"button.default\">\n\t\t\t\t\t\t\t\t\t\t<a class=\"elementor-button elementor-button-link elementor-size-sm elementor-animation-float\" href=\"#elementor-action%3Aaction%3Dpopup%3Aopen%26settings%3DeyJpZCI6IjQyMSIsInRvZ2dsZSI6ZmFsc2V9\">\n\t\t\t\t\t\t<span class=\"elementor-button-content-wrapper\">\n\t\t\t\t\t\t\t\t\t<span class=\"elementor-button-text\">Pedir um or\u00e7amento imediato<\/span>\n\t\t\t\t\t<\/span>\n\t\t\t\t\t<\/a>\n\t\t\t\t\t\t\t\t<\/div>\n\t\t\t\t<\/div>\n\t\t<div class=\"elementor-element elementor-element-88a9416 e-con-full e-flex e-con e-child\" data-id=\"88a9416\" data-element_type=\"container\">\n\t\t\t\t<div class=\"elementor-element elementor-element-3ff3201 elementor-widget elementor-widget-image\" data-id=\"3ff3201\" data-element_type=\"widget\" data-widget_type=\"image.default\">\n\t\t\t\t\t\t\t\t\t\t\t\t\t\t\t<img decoding=\"async\" width=\"800\" height=\"480\" src=\"https:\/\/okdagro.com\/wp-content\/uploads\/2025\/09\/modes-of-transportation-web-1.webp\" class=\"attachment-large size-large wp-image-464\" alt=\"\" srcset=\"https:\/\/okdagro.com\/wp-content\/uploads\/2025\/09\/modes-of-transportation-web-1.webp 1000w, https:\/\/okdagro.com\/wp-content\/uploads\/2025\/09\/modes-of-transportation-web-1-600x360.webp 600w, https:\/\/okdagro.com\/wp-content\/uploads\/2025\/09\/modes-of-transportation-web-1-300x180.webp 300w, https:\/\/okdagro.com\/wp-content\/uploads\/2025\/09\/modes-of-transportation-web-1-768x461.webp 768w\" sizes=\"(max-width: 800px) 100vw, 800px\" \/>\t\t\t\t\t\t\t\t\t\t\t\t\t\t\t<\/div>\n\t\t\t\t<\/div>\n\t\t\t\t<\/div>\n\t\t\t\t\t<\/div>\n\t\t\t\t<\/div>\n\t\t<div class=\"elementor-element elementor-element-cefe5c5 e-flex e-con-boxed e-con e-child\" data-id=\"cefe5c5\" data-element_type=\"container\">\n\t\t\t\t\t<div class=\"e-con-inner\">\n\t\t<div class=\"elementor-element elementor-element-a083be1 e-con-full e-flex e-con e-child\" data-id=\"a083be1\" data-element_type=\"container\">\n\t\t\t\t<div class=\"elementor-element elementor-element-9a71dde elementor-widget elementor-widget-heading\" data-id=\"9a71dde\" data-element_type=\"widget\" data-widget_type=\"heading.default\">\n\t\t\t\t\t<h2 class=\"elementor-heading-title elementor-size-default\">M\u00e9todos de embalagem<\/h2>\t\t\t\t<\/div>\n\t\t\t\t<div class=\"elementor-element elementor-element-1e58844 elementor-widget elementor-widget-text-editor\" data-id=\"1e58844\" data-element_type=\"widget\" data-widget_type=\"text-editor.default\">\n\t\t\t\t\t\t\t\t\t<p>Aplicamos solu\u00e7\u00f5es de embalagem com base no tipo de produto, na dimens\u00e3o da encomenda e no destino. Os principais m\u00e9todos de embalagem incluem:<\/p>\t\t\t\t\t\t\t\t<\/div>\n\t\t<div class=\"elementor-element elementor-element-7ae9010 e-con-full e-flex e-con e-child\" data-id=\"7ae9010\" data-element_type=\"container\">\n\t\t<div class=\"elementor-element elementor-element-70557e2 e-con-full e-flex e-con e-child\" data-id=\"70557e2\" data-element_type=\"container\">\n\t\t\t\t<div class=\"elementor-element elementor-element-c269585 elementor-position-top elementor-widget elementor-widget-image-box\" data-id=\"c269585\" data-element_type=\"widget\" data-widget_type=\"image-box.default\">\n\t\t\t\t\t<div class=\"elementor-image-box-wrapper\"><figure class=\"elementor-image-box-img\"><img loading=\"lazy\" decoding=\"async\" width=\"750\" height=\"500\" src=\"https:\/\/okdagro.com\/wp-content\/uploads\/2025\/09\/Reel-Packing-Drip-Tape-Drip-Line.webp\" class=\"attachment-full size-full wp-image-692\" alt=\"\" srcset=\"https:\/\/okdagro.com\/wp-content\/uploads\/2025\/09\/Reel-Packing-Drip-Tape-Drip-Line.webp 750w, https:\/\/okdagro.com\/wp-content\/uploads\/2025\/09\/Reel-Packing-Drip-Tape-Drip-Line-300x200.webp 300w, https:\/\/okdagro.com\/wp-content\/uploads\/2025\/09\/Reel-Packing-Drip-Tape-Drip-Line-600x400.webp 600w\" sizes=\"(max-width: 750px) 100vw, 750px\" \/><\/figure><div class=\"elementor-image-box-content\"><h3 class=\"elementor-image-box-title\">Embalagem de bobinas<\/h3><p class=\"elementor-image-box-description\">As fitas gota a gota s\u00e3o enroladas em bobinas de pl\u00e1stico ou de madeira resistentes e protegidas com n\u00facleos interiores, pel\u00edcula retr\u00e1til e revestimentos imperme\u00e1veis para evitar a humidade e a deforma\u00e7\u00e3o durante o transporte.<\/p><\/div><\/div>\t\t\t\t<\/div>\n\t\t\t\t<\/div>\n\t\t<div class=\"elementor-element elementor-element-cdbbff5 e-con-full e-flex e-con e-child\" data-id=\"cdbbff5\" data-element_type=\"container\">\n\t\t\t\t<div class=\"elementor-element elementor-element-892aaba elementor-position-top elementor-widget elementor-widget-image-box\" data-id=\"892aaba\" data-element_type=\"widget\" data-widget_type=\"image-box.default\">\n\t\t\t\t\t<div class=\"elementor-image-box-wrapper\"><figure class=\"elementor-image-box-img\"><img loading=\"lazy\" decoding=\"async\" width=\"750\" height=\"500\" src=\"https:\/\/okdagro.com\/wp-content\/uploads\/2025\/09\/Carton-Pallet.webp\" class=\"attachment-full size-full wp-image-691\" alt=\"\" srcset=\"https:\/\/okdagro.com\/wp-content\/uploads\/2025\/09\/Carton-Pallet.webp 750w, https:\/\/okdagro.com\/wp-content\/uploads\/2025\/09\/Carton-Pallet-300x200.webp 300w, https:\/\/okdagro.com\/wp-content\/uploads\/2025\/09\/Carton-Pallet-600x400.webp 600w\" sizes=\"(max-width: 750px) 100vw, 750px\" \/><\/figure><div class=\"elementor-image-box-content\"><h3 class=\"elementor-image-box-title\">Cart\u00e3o e palete<\/h3><p class=\"elementor-image-box-description\">As pe\u00e7as pequenas, os acess\u00f3rios e os gotejadores em caixas s\u00e3o embalados em caixas de cart\u00e3o ondulado, depois paletizados com pel\u00edcula extens\u00edvel e protectores de cantos para uma amarra\u00e7\u00e3o segura dos contentores.<\/p><\/div><\/div>\t\t\t\t<\/div>\n\t\t\t\t<\/div>\n\t\t<div class=\"elementor-element elementor-element-8a31208 e-con-full e-flex e-con e-child\" data-id=\"8a31208\" data-element_type=\"container\">\n\t\t\t\t<div class=\"elementor-element elementor-element-ca46d00 elementor-position-top elementor-widget elementor-widget-image-box\" data-id=\"ca46d00\" data-element_type=\"widget\" data-widget_type=\"image-box.default\">\n\t\t\t\t\t<div class=\"elementor-image-box-wrapper\"><figure class=\"elementor-image-box-img\"><img loading=\"lazy\" decoding=\"async\" width=\"750\" height=\"500\" src=\"https:\/\/okdagro.com\/wp-content\/uploads\/2025\/09\/Crate-Wooden-Case.webp\" class=\"attachment-full size-full wp-image-693\" alt=\"\" srcset=\"https:\/\/okdagro.com\/wp-content\/uploads\/2025\/09\/Crate-Wooden-Case.webp 750w, https:\/\/okdagro.com\/wp-content\/uploads\/2025\/09\/Crate-Wooden-Case-300x200.webp 300w, https:\/\/okdagro.com\/wp-content\/uploads\/2025\/09\/Crate-Wooden-Case-600x400.webp 600w\" sizes=\"(max-width: 750px) 100vw, 750px\" \/><\/figure><div class=\"elementor-image-box-content\"><h3 class=\"elementor-image-box-title\">Caixote e caixa de madeira<\/h3><p class=\"elementor-image-box-description\">Os artigos grandes ou pesados, como as bombas solares e as caixas de controlo, s\u00e3o acondicionados em caixas de madeira personalizadas com espuma\/cintas para resistir ao manuseamento e ao transporte de longo curso.<\/p><\/div><\/div>\t\t\t\t<\/div>\n\t\t\t\t<\/div>\n\t\t<div class=\"elementor-element elementor-element-d4bee3c e-con-full e-flex e-con e-child\" data-id=\"d4bee3c\" data-element_type=\"container\">\n\t\t\t\t<div class=\"elementor-element elementor-element-e086619 elementor-position-top elementor-widget elementor-widget-image-box\" data-id=\"e086619\" data-element_type=\"widget\" data-widget_type=\"image-box.default\">\n\t\t\t\t\t<div class=\"elementor-image-box-wrapper\"><figure class=\"elementor-image-box-img\"><img loading=\"lazy\" decoding=\"async\" width=\"750\" height=\"500\" src=\"https:\/\/okdagro.com\/wp-content\/uploads\/2025\/09\/Bulk-Packaging.webp\" class=\"attachment-full size-full wp-image-690\" alt=\"\" srcset=\"https:\/\/okdagro.com\/wp-content\/uploads\/2025\/09\/Bulk-Packaging.webp 750w, https:\/\/okdagro.com\/wp-content\/uploads\/2025\/09\/Bulk-Packaging-300x200.webp 300w, https:\/\/okdagro.com\/wp-content\/uploads\/2025\/09\/Bulk-Packaging-600x400.webp 600w\" sizes=\"(max-width: 750px) 100vw, 750px\" \/><\/figure><div class=\"elementor-image-box-content\"><h3 class=\"elementor-image-box-title\">Embalagem a granel<\/h3><p class=\"elementor-image-box-description\">As mangueiras e tubos layflat a granel podem ser enviados em bobinas ou caixas a granel para um transporte econ\u00f3mico de grandes volumes.<\/p><\/div><\/div>\t\t\t\t<\/div>\n\t\t\t\t<\/div>\n\t\t\t\t<\/div>\n\t\t\t\t<div class=\"elementor-element elementor-element-78ab95f elementor-align-left elementor-mobile-align-justify elementor-widget elementor-widget-button\" data-id=\"78ab95f\" data-element_type=\"widget\" data-widget_type=\"button.default\">\n\t\t\t\t\t\t\t\t\t\t<a class=\"elementor-button elementor-button-link elementor-size-sm elementor-animation-float\" href=\"#elementor-action%3Aaction%3Dpopup%3Aopen%26settings%3DeyJpZCI6IjQyMSIsInRvZ2dsZSI6ZmFsc2V9\">\n\t\t\t\t\t\t<span class=\"elementor-button-content-wrapper\">\n\t\t\t\t\t\t\t\t\t<span class=\"elementor-button-text\">Enviar o seu pedido de informa\u00e7\u00e3o agora<\/span>\n\t\t\t\t\t<\/span>\n\t\t\t\t\t<\/a>\n\t\t\t\t\t\t\t\t<\/div>\n\t\t\t\t<\/div>\n\t\t\t\t\t<\/div>\n\t\t\t\t<\/div>\n\t\t\t\t<\/div>","protected":false},"excerpt":{"rendered":"<p>Home Embalagem confi\u00e1vel e log\u00edstica global para fitas gotejadoras, gotejadores, aspersores, bombas solares e sistemas completos de irriga\u00e7\u00e3o - op\u00e7\u00f5es FOB \/ CIF \/ EXW dispon\u00edveis. Embalagem Segura, Entrega Confi\u00e1vel Na OKD AgroTech n\u00f3s garantimos que seus produtos de irriga\u00e7\u00e3o cheguem ao destino em perfeitas condi\u00e7\u00f5es. A nossa experi\u00eancia em exporta\u00e7\u00e3o e capacidade de produ\u00e7\u00e3o robusta permitem uma embalagem segura, termos de envio flex\u00edveis e [...]<\/p>","protected":false},"author":1,"featured_media":0,"parent":0,"menu_order":0,"comment_status":"closed","ping_status":"closed","template":"","meta":{"_acf_changed":false,"footnotes":""},"class_list":["post-348","page","type-page","status-publish","hentry"],"acf":[],"_links":{"self":[{"href":"https:\/\/okdagro.com\/pt\/wp-json\/wp\/v2\/pages\/348","targetHints":{"allow":["GET"]}}],"collection":[{"href":"https:\/\/okdagro.com\/pt\/wp-json\/wp\/v2\/pages"}],"about":[{"href":"https:\/\/okdagro.com\/pt\/wp-json\/wp\/v2\/types\/page"}],"author":[{"embeddable":true,"href":"https:\/\/okdagro.com\/pt\/wp-json\/wp\/v2\/users\/1"}],"replies":[{"embeddable":true,"href":"https:\/\/okdagro.com\/pt\/wp-json\/wp\/v2\/comments?post=348"}],"version-history":[{"count":50,"href":"https:\/\/okdagro.com\/pt\/wp-json\/wp\/v2\/pages\/348\/revisions"}],"predecessor-version":[{"id":857,"href":"https:\/\/okdagro.com\/pt\/wp-json\/wp\/v2\/pages\/348\/revisions\/857"}],"wp:attachment":[{"href":"https:\/\/okdagro.com\/pt\/wp-json\/wp\/v2\/media?parent=348"}],"curies":[{"name":"wp","href":"https:\/\/api.w.org\/{rel}","templated":true}]}}