{"id":1045,"date":"2025-10-26T09:44:59","date_gmt":"2025-10-26T09:44:59","guid":{"rendered":"https:\/\/okdagro.com\/?post_type=product&#038;p=1045"},"modified":"2025-10-26T09:45:00","modified_gmt":"2025-10-26T09:45:00","slug":"linha-de-gotejamento-de-emissor-cilindrico-de-parede-pesada-resistente-a-obstrucoes","status":"publish","type":"product","link":"https:\/\/okdagro.com\/pt\/product\/linha-de-gotejamento-de-emissor-cilindrico-de-parede-pesada-resistente-a-obstrucoes\/","title":{"rendered":"Fita gotejadora de emissor cil\u00edndrico"},"content":{"rendered":"<p data-pm-slice=\"1 1 []\">A Linha de Gotejamento com Emissor Cil\u00edndrico (Linha D) da OKD AgroTech \u00e9 uma solu\u00e7\u00e3o de irriga\u00e7\u00e3o robusta, de parede pesada, projetada para projetos agr\u00edcolas de longo prazo. Foi especificamente concebido para fornecer uma irriga\u00e7\u00e3o precisa e uniforme ao longo de v\u00e1rias esta\u00e7\u00f5es, proporcionando uma alternativa fi\u00e1vel e econ\u00f3mica \u00e0s fitas gotejadoras de parede fina de uma s\u00f3 esta\u00e7\u00e3o.<\/p>\n<p>Para os propriet\u00e1rios de explora\u00e7\u00f5es agr\u00edcolas, empreiteiros de projectos e projectistas de rega, os principais desafios s\u00e3o frequentemente o entupimento dos emissores (especialmente com \u00e1gua de baixa qualidade) e o elevado custo anual de substitui\u00e7\u00e3o de fitas danificadas. O nosso Sistema de Gotejamento Cil\u00edndrico resolve diretamente estes problemas. Utiliza um gotejador cil\u00edndrico robusto e integral com um mecanismo anti-entupimento duplo avan\u00e7ado, garantindo a fiabilidade do sistema, minimizando a manuten\u00e7\u00e3o e maximizando o retorno do investimento.<\/p>\n<ul>\n<li><strong>Resist\u00eancia superior ao entupimento:<\/strong> Possui um design avan\u00e7ado de gotejador com dois filtros de entrada individuais e duas sa\u00eddas, tornando-o altamente eficaz para fontes de \u00e1gua n\u00e3o filtrada ou de baixa qualidade (por exemplo, \u00e1gua de po\u00e7o, rio ou canal).<\/li>\n<li><strong>Verdadeira durabilidade em v\u00e1rias esta\u00e7\u00f5es:<\/strong> A constru\u00e7\u00e3o robusta e pesada da parede proporciona uma for\u00e7a mec\u00e2nica, durabilidade e resist\u00eancia excepcionais \u00e0 radia\u00e7\u00e3o UV, aos danos causados por animais e ao stress da instala\u00e7\u00e3o.<\/li>\n<li><strong>Excelente uniformidade de desempenho:<\/strong> O fabrico de precis\u00e3o garante um excelente coeficiente de varia\u00e7\u00e3o (Cv) \u2264 5% e uma elevada uniformidade de emiss\u00e3o (EU \u2264 0,5), conduzindo a um crescimento e rendimento das culturas mais consistentes.<\/li>\n<li><strong>Gotejador cil\u00edndrico robusto:<\/strong> O \"gotejador redondo\" integral \u00e9 inerentemente mais robusto e apresenta um percurso de fluxo maior e turbulento em compara\u00e7\u00e3o com os emissores planos, reduzindo ainda mais o risco de entupimento.<\/li>\n<\/ul>\n<h2>Principais especifica\u00e7\u00f5es t\u00e9cnicas (linha de gotejadores cil\u00edndricos redondos)<\/h2>\n<p>Estes dados t\u00e9cnicos fornecem as especifica\u00e7\u00f5es exactas da nossa gama de linhas de gotejamento cil\u00edndricas. Os nossos engenheiros e a nossa equipa de vendas est\u00e3o dispon\u00edveis para o ajudar a selecionar a combina\u00e7\u00e3o exacta de di\u00e2metro, caudal e espa\u00e7amento para corresponder \u00e0 conce\u00e7\u00e3o hidr\u00e1ulica do seu projeto e aos requisitos da cultura.<\/p>\n<table>\n<tbody>\n<tr>\n<th>Nome do produto<\/th>\n<th>N\u00famero do artigo<\/th>\n<th>Di\u00e2metro (ID)<\/th>\n<th>Tipo<\/th>\n<th>Peso l\u00edquido do emissor<\/th>\n<th>Espessura da parede (mm)<\/th>\n<th>Caudal (L\/H)<\/th>\n<th>Press\u00e3o de trabalho<\/th>\n<th>Cores dispon\u00edveis<\/th>\n<th>Espa\u00e7amento<\/th>\n<\/tr>\n<tr>\n<td>Gotejador redondo 6mm<\/td>\n<td>PRRD0615<\/td>\n<td>6 mm<\/td>\n<td>Incorporar<\/td>\n<td>0.2g<\/td>\n<td>0,9 - 1,2 mm<\/td>\n<td>1,2L\/H<\/td>\n<td>1 barra<\/td>\n<td>Preto, castanho<\/td>\n<td>Personaliz\u00e1vel<\/td>\n<\/tr>\n<tr>\n<td>Gotejador redondo 12mm<\/td>\n<td>PRRD1230<\/td>\n<td>12 mm<\/td>\n<td>Incorporar<\/td>\n<td>0.8g<\/td>\n<td>0,9 - 1,2 mm<\/td>\n<td>2.0L\/H<\/td>\n<td>1 barra<\/td>\n<td>Preto, castanho<\/td>\n<td>Personaliz\u00e1vel<\/td>\n<\/tr>\n<tr>\n<td>Gotejador redondo 16mm<\/td>\n<td>PRRD1620<\/td>\n<td>16 mm<\/td>\n<td>Incorporar<\/td>\n<td>1.0g<\/td>\n<td>0,9 - 1,2 mm<\/td>\n<td>2.0L\/H<\/td>\n<td>1 barra<\/td>\n<td>Preto, castanho<\/td>\n<td>Personaliz\u00e1vel<\/td>\n<\/tr>\n<tr>\n<td>Gotejador redondo 16mm<\/td>\n<td>PRRD1630<\/td>\n<td>16 mm<\/td>\n<td>Incorporar<\/td>\n<td>1.0g<\/td>\n<td>0,9 - 1,2 mm<\/td>\n<td>3.0L\/H<\/td>\n<td>1 barra<\/td>\n<td>Preto, castanho<\/td>\n<td>Personaliz\u00e1vel<\/td>\n<\/tr>\n<tr>\n<td>Gotejador redondo 16mm<\/td>\n<td>PRRD1640<\/td>\n<td>16 mm<\/td>\n<td>Incorporar<\/td>\n<td>1.0g<\/td>\n<td>0,9 - 1,2 mm<\/td>\n<td>4.0L\/H<\/td>\n<td>1 barra<\/td>\n<td>Preto, castanho<\/td>\n<td>Personaliz\u00e1vel<\/td>\n<\/tr>\n<\/tbody>\n<\/table>\n<h2>Resist\u00eancia superior ao entupimento: A vantagem do filtro duplo e da sa\u00edda dupla<\/h2>\n<p>O entupimento \u00e9 a principal causa de falha nos sistemas de irriga\u00e7\u00e3o por gotejamento, levando a uma rega n\u00e3o uniforme, perda de colheitas e manuten\u00e7\u00e3o dispendiosa. O nosso gotejador cil\u00edndrico foi concebido com um sistema de defesa de v\u00e1rias fases especificamente para combater o entupimento, mesmo em ambientes dif\u00edceis com \u00e1gua de m\u00e1 qualidade.<\/p>\n<h3>Filtros duplos de entrada individual<\/h3>\n<p>Cada gotejador \u00e9 protegido por dois filtros de entrada separados e de grande \u00e1rea. Este design de filtro duplo proporciona uma \u00e1rea de superf\u00edcie de filtragem significativamente maior em compara\u00e7\u00e3o com os emissores de entrada \u00fanica. Esta redund\u00e2ncia integrada significa que, mesmo que uma entrada de filtro fique parcialmente obstru\u00edda por sedimentos ou mat\u00e9ria org\u00e2nica, o segundo filtro continua a fornecer \u00e1gua ao emissor, garantindo um funcionamento ininterrupto e uma elevada resist\u00eancia ao entupimento.<\/p>\n<h3>Duas sa\u00eddas em cada gotejador<\/h3>\n<p>O emissor possui um design de sa\u00edda dupla, que oferece duas vantagens cr\u00edticas. Em primeiro lugar, oferece uma camada adicional de redund\u00e2ncia; se uma sa\u00edda for bloqueada por uma part\u00edcula externa, a segunda sa\u00edda garante que o fornecimento de \u00e1gua continua. Em segundo lugar, as sa\u00eddas duplas foram concebidas para minimizar a \"suc\u00e7\u00e3o\" de part\u00edculas de terra ou areia para o gotejador quando o sistema \u00e9 desligado e a press\u00e3o cai, uma causa comum de entupimento em aplica\u00e7\u00f5es de subsuperf\u00edcie (SDI) ou \u00e0 superf\u00edcie.<\/p>\n<h3>Optimizado para fontes de \u00e1gua de baixa qualidade<\/h3>\n<p>Este mecanismo combinado de filtro duplo e sa\u00edda dupla, juntamente com um labirinto largo e de fluxo turbulento, faz da nossa linha de gotejamento cil\u00edndrica a escolha ideal para projectos que dependem de \u00e1gua de po\u00e7o, \u00e1gua de rio ou \u00e1gua de canal. Reduz a necessidade de sistemas de filtragem secund\u00e1rios complexos e dispendiosos e garante um desempenho fi\u00e1vel esta\u00e7\u00e3o ap\u00f3s esta\u00e7\u00e3o.<\/p>\n<h2>Concebida para durar: desempenho em paredes pesadas e em v\u00e1rias esta\u00e7\u00f5es<\/h2>\n<p>A viabilidade financeira de uma cultura permanente ou de uma explora\u00e7\u00e3o agr\u00edcola em grande escala depende da longevidade das suas infra-estruturas. A nossa linha de gotejamento \u00e9 definida pela sua constru\u00e7\u00e3o \"Heavy-Wall\", oferecendo uma barreira f\u00edsica robusta contra as principais causas de falha da rega.<\/p>\n<h3>Constru\u00e7\u00e3o robusta com paredes pesadas<\/h3>\n<p>Com uma espessura de parede t\u00edpica de 0,9 mm a 1,2 mm, esta linha de gotejamento proporciona uma resist\u00eancia mec\u00e2nica excecional. \u00c9 altamente resistente a danos causados pela instala\u00e7\u00e3o, maquinaria de campo, solos abrasivos e pragas animais. Isto torna-o adequado para reutiliza\u00e7\u00e3o durante muitas esta\u00e7\u00f5es e \u00e9 o padr\u00e3o exigido para a Rega gota-a-gota subterr\u00e2nea (SDI), onde o tubo \u00e9 enterrado. O tubo resistente e fi\u00e1vel garante uma longa vida \u00fatil no campo.<\/p>\n<h3>Material PE avan\u00e7ado resistente aos raios UV<\/h3>\n<p>A linha de gotejamento \u00e9 fabricada a partir de resina de polietileno (PE) virgem de primeira qualidade 100%, e n\u00e3o de material reciclado. Esta resina de base \u00e9 misturada com negro de carbono de alta qualidade e um pacote sofisticado de inibidores de UV. Esta formula\u00e7\u00e3o proporciona a m\u00e1xima prote\u00e7\u00e3o contra a degrada\u00e7\u00e3o provocada pela radia\u00e7\u00e3o solar, garantindo que o tubo se mant\u00e9m flex\u00edvel e forte mesmo ap\u00f3s anos de exposi\u00e7\u00e3o nos climas mais rigorosos do mundo.<\/p>\n<h2>Irriga\u00e7\u00e3o de precis\u00e3o: Uniformidade de rega inigual\u00e1vel (Cv \u2264 5%)<\/h2>\n<p>Para os engenheiros de rega e para os agricultores profissionais, a uniformidade da \u00e1gua n\u00e3o \u00e9 um luxo - \u00e9 a chave para uma produ\u00e7\u00e3o uniforme das culturas e para uma fertirriga\u00e7\u00e3o eficiente. O nosso processo de fabrico est\u00e1 optimizado para a precis\u00e3o.<\/p>\n<h3>Coeficiente de fabrico excelente (Cv \u2264 5%)<\/h3>\n<p>O Coeficiente de Varia\u00e7\u00e3o (Cv) \u00e9 uma medida cr\u00edtica da precis\u00e3o de fabrico. Um Cv de 5% ou menos \u00e9 considerado \"Excelente\" pelas normas internacionais (ISO 9261). Significa que o caudal de qualquer um dos nossos gotejadores \u00e9 extremamente consistente com o seguinte. Esta \u00e9 a marca de um processo de fabrico de alta qualidade, controlado com precis\u00e3o, em que pode confiar para a conce\u00e7\u00e3o do seu projeto.<\/p>\n<h3>Elevada uniformidade das emiss\u00f5es (EU \u2264 0,5)<\/h3>\n<p>Este baixo Cv traduz-se diretamente numa elevada Uniformidade de Emiss\u00e3o (UE) no campo. Uma UE elevada (frequentemente expressa como um valor &gt; 95% ou um desvio baixo como UE &lt; 0,5) garante que todas as plantas ao longo da linha lateral - quer estejam no in\u00edcio ou no fim - recebem a mesma quantidade exacta de \u00e1gua e nutrientes. Isto evita a rega excessiva (que desperdi\u00e7a recursos) e a rega insuficiente (que atrasa o crescimento), conduzindo a um desenvolvimento mais uniforme da cultura e a rendimentos maximizados.<\/p>\n<h2>Aplica\u00e7\u00f5es vers\u00e1teis para a agricultura profissional<\/h2>\n<p>A durabilidade e as carater\u00edsticas anti-entupimento do nosso tubo gotejador cil\u00edndrico de parede pesada fazem dele a solu\u00e7\u00e3o ideal para uma vasta gama de projectos de rega de longo prazo e de elevado valor:<\/p>\n<ul>\n<li>Pomares e vinhas: (por exemplo, uvas, am\u00eandoas, citrinos, ma\u00e7\u00e3s, azeitonas)<\/li>\n<li>Culturas em linha de v\u00e1rias esta\u00e7\u00f5es: (por exemplo, produtos hort\u00edcolas, algod\u00e3o, cana-de-a\u00e7\u00facar)<\/li>\n<li>Estufas e viveiros: Para uma irriga\u00e7\u00e3o fi\u00e1vel e a longo prazo de bancadas e canteiros.<\/li>\n<li>Paisagismo e obras p\u00fablicas: Irriga\u00e7\u00e3o duradoura para parques, canteiros centrais e propriedades comerciais.<\/li>\n<li>Rega gota-a-gota subterr\u00e2nea (SDI): A constru\u00e7\u00e3o de parede pesada \u00e9 essencial para aplica\u00e7\u00f5es enterradas e de longo prazo no subsolo.<\/li>\n<\/ul>\n<h2>Aprovisionamento, embalagem e log\u00edstica para encomendas em massa<\/h2>\n<p>Somos uma empresa de <strong>fabricante<\/strong> e global <strong>fornecedor<\/strong> de sistemas de irriga\u00e7\u00e3o, estruturado para suportar encomendas em grande escala B2B e baseadas em projectos.<\/p>\n<h3>Embalagem padr\u00e3o e comprimentos de rolo<\/h3>\n<p>Fornecemos op\u00e7\u00f5es de embalagem concebidas para um envio eficiente e uma utiliza\u00e7\u00e3o no terreno.<\/p>\n<ul>\n<li><strong>Comprimentos padr\u00e3o do rolo:<\/strong> 500m, 1000m (ou conforme o pedido do cliente)<\/li>\n<li><strong>Embalagem:<\/strong> Os rolos s\u00e3o embalados de forma segura em pel\u00edcula PE e podem ser paletizados para facilitar o manuseamento e o carregamento de contentores.<\/li>\n<\/ul>\n<h3>Carregamento de contentores e transporte mar\u00edtimo global<\/h3>\n<p>A nossa equipa de log\u00edstica tem experi\u00eancia na otimiza\u00e7\u00e3o do carregamento de contentores (20'GP e 40'HC) para maximizar a quantidade de produtos e reduzir o custo de transporte por metro. Exportamos para todo o mundo e podemos fornecer toda a documenta\u00e7\u00e3o necess\u00e1ria para o desalfandegamento.<\/p>\n<h3>Porqu\u00ea ser parceiro da OKD como seu fabricante de linhas de gotejamento?<\/h3>\n<p>Como um direto <strong>fabricante<\/strong>Na nossa empresa, controlamos todo o processo de produ\u00e7\u00e3o, desde o fornecimento de mat\u00e9rias-primas at\u00e9 ao teste do produto final. Isto permite-nos assegurar o cumprimento rigoroso das normas de qualidade ISO (como a ISO 9261), oferecer pre\u00e7os competitivos diretos da f\u00e1brica e fornecer prazos de entrega fi\u00e1veis para os nossos <strong>fornecedores mundiais<\/strong> e parceiros de projeto. Apoiamos os nossos clientes B2B com conhecimentos t\u00e9cnicos profundos e um compromisso de parceria a longo prazo.<\/p>\n<h2>Perguntas frequentes (FAQ)<\/h2>\n<p><strong>Q1: Qual \u00e9 a principal vantagem deste gotejador cil\u00edndrico em rela\u00e7\u00e3o a um emissor plano?<\/strong><\/p>\n<p>R: As principais vantagens s\u00e3o a durabilidade e a resist\u00eancia ao entupimento. O nosso gotejador cil\u00edndrico \u00e9 um emissor robusto, de corpo mais largo, com um sistema superior de filtro duplo\/sa\u00edda dupla, o que o torna ideal para utiliza\u00e7\u00e3o em v\u00e1rias esta\u00e7\u00f5es e \u00e1gua de baixa qualidade. Muitos emissores planos s\u00e3o concebidos para fitas de parede fina de uma s\u00f3 esta\u00e7\u00e3o e s\u00e3o mais suscept\u00edveis a entupimentos e danos mec\u00e2nicos.<\/p>\n<p><strong>Q2: Esta linha de gotejamento \u00e9 adequada para \u00e1gua de baixa qualidade (por exemplo, \u00e1gua de po\u00e7o)?<\/strong><\/p>\n<p>R: Sim, foi especificamente concebido para o efeito. O sistema de filtragem de entrada dupla proporciona uma grande \u00e1rea de filtragem e redund\u00e2ncia, enquanto o percurso de fluxo turbulento resiste \u00e0 acumula\u00e7\u00e3o de sedimentos e mat\u00e9ria org\u00e2nica, tornando-o altamente adequado para essas fontes de \u00e1gua.<\/p>\n<p><strong>Q3: Qual \u00e9 a vida \u00fatil prevista para esta linha de gotejamento de parede pesada?<\/strong><\/p>\n<p>R: Com uma instala\u00e7\u00e3o e funcionamento corretos (dentro de 1 bar de press\u00e3o) e uma manuten\u00e7\u00e3o b\u00e1sica, a nossa linha de parede pesada foi concebida para uma utiliza\u00e7\u00e3o em v\u00e1rias esta\u00e7\u00f5es. Dependendo das condi\u00e7\u00f5es ambientais (intensidade de UV, qualidade da \u00e1gua, solo), pode esperar-se uma vida \u00fatil de 3 a 5 anos ou mais, proporcionando um retorno significativo do investimento em compara\u00e7\u00e3o com a substitui\u00e7\u00e3o anual de fitas de parede fina.<\/p>\n<p><strong>Q4: Que acess\u00f3rios s\u00e3o compat\u00edveis com o tubo de gotejamento de 16 mm (ou 12 mm)?<\/strong><\/p>\n<p>R: A nossa linha de gotejamento \u00e9 fabricada de acordo com as dimens\u00f5es padr\u00e3o da ind\u00fastria. \u00c9 totalmente compat\u00edvel com todos os encaixes, conectores, acopladores, tamp\u00f5es de extremidade e v\u00e1lvulas padr\u00e3o de 16 mm (ou 12 mm) \"barbed\" ou \"grommet\".<\/p>\n<p><strong>Q5: Qual \u00e9 o vosso MOQ (Quantidade m\u00ednima de encomenda)?<\/strong><\/p>\n<p>R: O nosso MOQ depende do produto espec\u00edfico (di\u00e2metro, caudal, espa\u00e7amento). Na qualidade de fabricante, prestamos principalmente servi\u00e7os de encomendas a granel e de projectos (por exemplo, quantidades de contentores completos ou de v\u00e1rias paletes). Contacte a nossa equipa de vendas com os seus requisitos para um MOQ espec\u00edfico.<\/p>\n<p><strong>Q6: Posso pedir uma amostra para an\u00e1lise?<\/strong><\/p>\n<p>R: Sem d\u00favida. Encorajamos vivamente os engenheiros de rega, gestores de projectos e propriet\u00e1rios agr\u00edcolas a solicitar amostras. Queremos que vejam e sintam em primeira m\u00e3o a constru\u00e7\u00e3o de paredes pesadas e a qualidade dos gotejadores. Utilize o bot\u00e3o \"Pedir amostra\" ou contacte a nossa equipa.<\/p>\n<p><strong>Q7: Qual \u00e9 o prazo de entrega para uma encomenda a granel (por exemplo, um contentor de 40 p\u00e9s)?<\/strong><\/p>\n<p>R: Os prazos de entrega s\u00e3o normalmente de 15 a 30 dias, dependendo das especifica\u00e7\u00f5es da encomenda e do calend\u00e1rio de produ\u00e7\u00e3o atual. Envie um pedido de cota\u00e7\u00e3o para obter um prazo preciso e atualizado para a sua encomenda.<\/p>\n<h2>Obtenha um or\u00e7amento profissional para o seu projeto de irriga\u00e7\u00e3o<\/h2>\n<p>Pronto para atualizar para uma solu\u00e7\u00e3o de rega fi\u00e1vel, resistente a obstru\u00e7\u00f5es e para v\u00e1rias esta\u00e7\u00f5es? Contacte hoje a nossa equipa de engenharia. Estamos aqui para o ajudar a configurar a linha de gotejamento ideal para a sua aplica\u00e7\u00e3o, discutir os requisitos do seu projeto e fornecer uma cota\u00e7\u00e3o detalhada e direta da f\u00e1brica para a sua encomenda em massa.<\/p>","protected":false},"excerpt":{"rendered":"<ul>\n<li><strong>Resist\u00eancia superior ao entupimento:<\/strong> Possui um design avan\u00e7ado de gotejador com dois filtros de entrada individuais e duas sa\u00eddas, tornando-o altamente eficaz para fontes de \u00e1gua n\u00e3o filtrada ou de baixa qualidade (por exemplo, \u00e1gua de po\u00e7o, rio ou canal).<\/li>\n<li><strong>Verdadeira durabilidade em v\u00e1rias esta\u00e7\u00f5es:<\/strong> A constru\u00e7\u00e3o robusta e pesada da parede proporciona uma for\u00e7a mec\u00e2nica, durabilidade e resist\u00eancia excepcionais \u00e0 radia\u00e7\u00e3o UV, aos danos causados por animais e ao stress da instala\u00e7\u00e3o.<\/li>\n<li><strong>Excelente uniformidade de desempenho:<\/strong> O fabrico de precis\u00e3o garante um excelente coeficiente de varia\u00e7\u00e3o (Cv) \u2264 5% e uma elevada uniformidade de emiss\u00e3o (EU \u2264 0,5), conduzindo a um crescimento e rendimento das culturas mais consistentes.<\/li>\n<li><strong>Gotejador cil\u00edndrico robusto:<\/strong> O \"gotejador redondo\" integral \u00e9 inerentemente mais robusto e apresenta um percurso de fluxo maior e turbulento em compara\u00e7\u00e3o com os emissores planos, reduzindo ainda mais o risco de entupimento.<\/li>\n<\/ul>","protected":false},"featured_media":1047,"template":"","meta":{"_acf_changed":false},"product_brand":[],"product_cat":[25],"product_tag":[],"class_list":{"0":"post-1045","1":"product","2":"type-product","3":"status-publish","4":"has-post-thumbnail","6":"product_cat-drip-tapes-drip-lines","8":"first","9":"instock","10":"shipping-taxable","11":"product-type-simple"},"acf":[],"_links":{"self":[{"href":"https:\/\/okdagro.com\/pt\/wp-json\/wp\/v2\/product\/1045","targetHints":{"allow":["GET"]}}],"collection":[{"href":"https:\/\/okdagro.com\/pt\/wp-json\/wp\/v2\/product"}],"about":[{"href":"https:\/\/okdagro.com\/pt\/wp-json\/wp\/v2\/types\/product"}],"wp:featuredmedia":[{"embeddable":true,"href":"https:\/\/okdagro.com\/pt\/wp-json\/wp\/v2\/media\/1047"}],"wp:attachment":[{"href":"https:\/\/okdagro.com\/pt\/wp-json\/wp\/v2\/media?parent=1045"}],"wp:term":[{"taxonomy":"product_brand","embeddable":true,"href":"https:\/\/okdagro.com\/pt\/wp-json\/wp\/v2\/product_brand?post=1045"},{"taxonomy":"product_cat","embeddable":true,"href":"https:\/\/okdagro.com\/pt\/wp-json\/wp\/v2\/product_cat?post=1045"},{"taxonomy":"product_tag","embeddable":true,"href":"https:\/\/okdagro.com\/pt\/wp-json\/wp\/v2\/product_tag?post=1045"}],"curies":[{"name":"wp","href":"https:\/\/api.w.org\/{rel}","templated":true}]}}