{"id":1048,"date":"2025-10-26T14:04:32","date_gmt":"2025-10-26T14:04:32","guid":{"rendered":"https:\/\/okdagro.com\/?post_type=product&#038;p=1048"},"modified":"2025-10-26T14:04:32","modified_gmt":"2025-10-26T14:04:32","slug":"gotejador-de-compensacao-de-pressao-desmontavel","status":"publish","type":"product","link":"https:\/\/okdagro.com\/pt\/product\/gotejador-de-compensacao-de-pressao-desmontavel\/","title":{"rendered":"Gotejador PC desmont\u00e1vel (2\/4\/8 L\/h)"},"content":{"rendered":"<h2 data-pm-slice=\"1 1 []\">Vis\u00e3o geral do produto<\/h2>\n<p>Este n\u00e3o \u00e9 um gotejador normal; \u00e9 uma solu\u00e7\u00e3o projectada para os dois desafios mais significativos da rega de precis\u00e3o: <strong>press\u00e3o de \u00e1gua vari\u00e1vel<\/strong> e <strong>entupimento do emissor<\/strong>. Os nossos gotejadores PC desmont\u00e1veis s\u00e3o concebidos para projectos agr\u00edcolas de grande escala em que a fiabilidade e os custos de manuten\u00e7\u00e3o a longo prazo s\u00e3o fundamentais.<\/p>\n<p>Este componente tem duas fun\u00e7\u00f5es principais. Em primeiro lugar, a sua alta precis\u00e3o <strong>Compensa\u00e7\u00e3o de press\u00e3o (PC)<\/strong> O seu mecanismo de controlo garante um caudal perfeitamente uniforme (2, 4 ou 8 L\/h) numa gama de press\u00e3o de funcionamento extremamente ampla de 0,5 a 3,5 bar. Em segundo lugar, o seu <strong>\"Desmontar\"<\/strong> \u00e9 totalmente repar\u00e1vel no terreno, permitindo que as equipas abram, limpem e reutilizem o gotejador. Esta inova\u00e7\u00e3o resolve eficazmente as falhas de entupimento causadas por incrusta\u00e7\u00f5es de \u00e1gua dura ou mat\u00e9ria org\u00e2nica, que tornariam in\u00fateis os gotejadores selados.<\/p>\n<ul>\n<li><strong>Uniformidade de precis\u00e3o:<\/strong> Proporciona um caudal constante e espec\u00edfico, o que o torna essencial para a rega de encostas \u00edngremes, terrenos ondulados e linhas laterais muito longas.<\/li>\n<li><strong>Repar\u00e1vel e reutiliz\u00e1vel no terreno:<\/strong> O corpo rotativo permite uma limpeza f\u00e1cil no local de dep\u00f3sitos minerais (incrusta\u00e7\u00f5es) e bio-filme, reduzindo drasticamente os custos de substitui\u00e7\u00e3o a longo prazo.<\/li>\n<li><strong>Vida \u00fatil do sistema alargada:<\/strong> Uma solu\u00e7\u00e3o ideal e econ\u00f3mica para projectos que utilizam \u00e1gua de po\u00e7os, \u00e1gua de barragens ou outras fontes propensas a contaminantes.<\/li>\n<li><strong>Identifica\u00e7\u00e3o f\u00e1cil:<\/strong> O c\u00f3digo de cores padr\u00e3o da ind\u00fastria (amarelo\/preto\/azul) evita erros de instala\u00e7\u00e3o e simplifica a gest\u00e3o no terreno.<\/li>\n<\/ul>\n<h2>Principais especifica\u00e7\u00f5es t\u00e9cnicas<\/h2>\n<p>Como uma empresa global <strong>fabricante e fornecedor<\/strong> A nossa equipa de profissionais de componentes de rega garante que os nossos produtos cumprem rigorosas normas de engenharia. Para encomendas a granel ou fichas t\u00e9cnicas (TDS), contacte a nossa equipa.<\/p>\n<table>\n<tbody>\n<tr>\n<th>Par\u00e2metro<\/th>\n<th>2 L\/h Modelo<\/th>\n<th>4 L\/h Modelo<\/th>\n<th>8 L\/h Modelo<\/th>\n<\/tr>\n<tr>\n<td><strong>Caudal nominal (L\/h)<\/strong><\/td>\n<td>2 L\/h<\/td>\n<td>4 L\/h<\/td>\n<td>8 L\/h<\/td>\n<\/tr>\n<tr>\n<td><strong>C\u00f3digo de cores<\/strong><\/td>\n<td><strong>Amarelo<\/strong><\/td>\n<td><strong>Preto<\/strong><\/td>\n<td><strong>Azul<\/strong><\/td>\n<\/tr>\n<tr>\n<td><strong>Gama de compensa\u00e7\u00e3o da press\u00e3o<\/strong><\/td>\n<td>0,5 - 3,5 bar (50 - 350 kPa)<\/td>\n<td>0,5 - 3,5 bar (50 - 350 kPa)<\/td>\n<td>0,5 - 3,5 bar (50 - 350 kPa)<\/td>\n<\/tr>\n<tr>\n<td><strong>Liga\u00e7\u00e3o de entrada<\/strong><\/td>\n<td>Espiga de 1\/4\u2033 (6mm)<\/td>\n<td>Espiga de 1\/4\u2033 (6mm)<\/td>\n<td>Espiga de 1\/4\u2033 (6mm)<\/td>\n<\/tr>\n<tr>\n<td><strong>Material<\/strong><\/td>\n<td>Pl\u00e1stico de engenharia estabilizado por UV de alto grau (PP\/POM)<\/td>\n<td>Pl\u00e1stico de engenharia estabilizado por UV de alto grau (PP\/POM)<\/td>\n<td>Pl\u00e1stico de engenharia estabilizado por UV de alto grau (PP\/POM)<\/td>\n<\/tr>\n<tr>\n<td><strong>Filtragem recomendada<\/strong><\/td>\n<td>120 Mesh (130 microns)<\/td>\n<td>120 Mesh (130 microns)<\/td>\n<td>120 Mesh (130 microns)<\/td>\n<\/tr>\n<tr>\n<td><strong>CV (Coeficiente de Varia\u00e7\u00e3o)<\/strong><\/td>\n<td>&lt; 5% (excelente uniformidade)<\/td>\n<td>&lt; 5% (excelente uniformidade)<\/td>\n<td>&lt; 5% (excelente uniformidade)<\/td>\n<\/tr>\n<\/tbody>\n<\/table>\n<h2>A vantagem de \"desmontar\": Uma solu\u00e7\u00e3o reutiliz\u00e1vel para o entupimento<\/h2>\n<h3>Porque \u00e9 que os gotejadores selados falham com \u00e1gua dura<\/h3>\n<p>Em muitas regi\u00f5es agr\u00edcolas, a \u00e1gua dos po\u00e7os ou dos rios \u00e9 \"dura\" - rica em minerais dissolvidos, como o c\u00e1lcio e o ferro. Com o tempo, estes minerais precipitam-se sob a forma de \"escamas\" duras, bloqueando permanentemente as pequenas passagens de um gotejador selado. A mat\u00e9ria org\u00e2nica (algas, biofilme) provoca falhas semelhantes. Para um gestor de projeto, um gotejador vedado entupido \u00e9 um desperd\u00edcio permanente, exigindo m\u00e3o de obra e materiais dispendiosos para o substituir.<\/p>\n<h3>Como funciona o nosso gotejador com manuten\u00e7\u00e3o no local<\/h3>\n<p>O nosso gotejador desmont\u00e1vel foi concebido para eliminar este desperd\u00edcio e reduzir o custo total de propriedade (TCO).<\/p>\n<ol>\n<li><strong>Torcer para abrir:<\/strong> A tampa colorida \u00e9 retirada da base, sem necessidade de ferramentas especiais.<\/li>\n<li><strong>Limpo:<\/strong> Esta a\u00e7\u00e3o exp\u00f5e totalmente a membrana interna de silicone e o percurso turbulento do fluxo. As equipas de manuten\u00e7\u00e3o podem remover f\u00e1cil e completamente quaisquer incrusta\u00e7\u00f5es f\u00edsicas, sedimentos ou biofilme.<\/li>\n<li><strong>Voltar a montar:<\/strong> A tampa encaixa firmemente na base com uma veda\u00e7\u00e3o positiva e \u00e0 prova de fugas.<\/li>\n<\/ol>\n<p>Este design de \"gotejador lav\u00e1vel\" torna-o reutiliz\u00e1vel esta\u00e7\u00e3o ap\u00f3s esta\u00e7\u00e3o, oferecendo uma solu\u00e7\u00e3o sustent\u00e1vel e econ\u00f3mica para gerir a m\u00e1 qualidade da \u00e1gua.<\/p>\n<h2>Uniformidade de precis\u00e3o para declives: Compensa\u00e7\u00e3o de press\u00e3o ampla (0,5-3,5 bar)<\/h2>\n<h3>Resolver o desequil\u00edbrio de press\u00e3o em terrenos complexos<\/h3>\n<p>Num declive, a gravidade cria um grave desequil\u00edbrio de press\u00e3o. Os gotejadores na base da encosta (alta press\u00e3o) regam em excesso, enquanto os gotejadores no topo (baixa press\u00e3o) regam em falta. O mesmo problema ocorre em linhas laterais muito longas. Esta falta de uniformidade leva a um crescimento inconsistente da cultura e a uma utiliza\u00e7\u00e3o ineficiente da \u00e1gua\/fertilizante.<\/p>\n<h3>Ativa\u00e7\u00e3o a baixa press\u00e3o (0,5 bar)<\/h3>\n<p>A vasta gama de compensa\u00e7\u00e3o do nosso gotejador PC \u00e9 a sua principal carater\u00edstica de desempenho. Ativa-se a uma press\u00e3o excecionalmente baixa de <strong>0,5 bar (7,3 PSI)<\/strong>. Isto assegura que mesmo o \u00faltimo gotejador numa linha longa, ou o gotejador mais alto num declive, recebe o seu caudal total e nominal.<\/p>\n<h3>Estabilidade a alta press\u00e3o (3,5 bar)<\/h3>\n<p>Por outro lado, a membrana de silicone de alta precis\u00e3o restringe automaticamente o caudal \u00e0 medida que a press\u00e3o aumenta. Na parte inferior do declive, onde a press\u00e3o pode atingir <strong>3,5 bar (50 PSI)<\/strong> ou mais, o emissor <em>ainda<\/em> apenas produz o seu caudal nominal (por exemplo, 4 L\/h). Isto evita o encharcamento, o apodrecimento das ra\u00edzes e o escoamento de fertilizantes, garantindo uma excelente uniformidade da cultura (CV &lt; 5%).<\/p>\n<h2>Engenharia dur\u00e1vel e guia de instala\u00e7\u00e3o<\/h2>\n<h3>Materiais resistentes aos raios UV para longevidade no campo<\/h3>\n<p>Concebidos para ambientes agr\u00edcolas adversos, estes gotejadores s\u00e3o fabricados a partir de pl\u00e1sticos de engenharia virgens de alta qualidade (PP\/POM). Este material \u00e9 totalmente estabilizado contra raios UV para suportar a luz solar intensa e altas temperaturas sem degrada\u00e7\u00e3o. Tamb\u00e9m \u00e9 quimicamente resistente a todos os fertilizantes, \u00e1cidos e tratamentos agr\u00edcolas comuns.<\/p>\n<h3>Como instalar (compatibilidade com espiga de 1\/4\u2033)<\/h3>\n<p>A entrada universal de 1\/4\u2033 garante uma elevada compatibilidade com sistemas novos e existentes.<\/p>\n<ol>\n<li><strong>Para PE Mainline:<\/strong> Utilize uma ferramenta de perfura\u00e7\u00e3o padr\u00e3o de 3 mm ou 4 mm para criar um orif\u00edcio limpo na linha principal de PE (por exemplo, 16 mm, 20 mm, 25 mm).<\/li>\n<li><strong>Inserir:<\/strong> Pressione firmemente a espiga de 1\/4\u2033 do gotejador no orif\u00edcio para um encaixe seguro e sem fugas.<\/li>\n<li><strong>Para microtubos:<\/strong> A espiga tamb\u00e9m se conecta diretamente a microtubos de 1\/4 \"(4\/7 mm), permitindo que voc\u00ea coloque o gotejador precisamente na zona da raiz da planta com uma estaca.<\/li>\n<\/ol>\n<h2>Aplica\u00e7\u00f5es recomendadas<\/h2>\n<p>Estes gotejadores s\u00e3o concebidos para projectos exigentes em que os gotejadores normais, n\u00e3o PC ou selados falham.<\/p>\n<ul>\n<li><strong>Vinhas e pomares (especialmente em encostas):<\/strong> Essencial para fornecer \u00e1gua e nutrientes uniformes a cada videira ou \u00e1rvore, independentemente da altitude.<\/li>\n<li><strong>Terreno irregular ou ondulado:<\/strong> Compensa as flutua\u00e7\u00f5es naturais de press\u00e3o em campos n\u00e3o nivelados.<\/li>\n<li><strong>Projectos agr\u00edcolas com \u00e1gua dura:<\/strong> A funcionalidade \"Take Apart\" \u00e9 fundamental para gerir a incrusta\u00e7\u00e3o de minerais e evitar falhas no sistema.<\/li>\n<li><strong>Linhas de irriga\u00e7\u00e3o laterais longas:<\/strong> Garante que a \u00faltima planta de uma fila receba a mesma \u00e1gua que a primeira.<\/li>\n<li><strong>Estufas e viveiros:<\/strong> Proporciona uma rega fi\u00e1vel e de alta precis\u00e3o para culturas de elevado valor.<\/li>\n<\/ul>\n<h2>Perguntas frequentes sobre aquisi\u00e7\u00f5es e quest\u00f5es t\u00e9cnicas<\/h2>\n<p><strong>P: Qual \u00e9 a principal vantagem de um gotejador Take Apart PC em rela\u00e7\u00e3o a um gotejador PC normal selado?<\/strong><\/p>\n<p><strong>A:<\/strong> Custo total de propriedade (TCO) e manuten\u00e7\u00e3o. Quando um gotejador vedado entope devido a incrusta\u00e7\u00f5es minerais, ele \u00e9 um res\u00edduo permanente e deve ser substitu\u00eddo. Nosso gotejador desmont\u00e1vel pode ser aberto, limpo no campo e reutilizado, economizando custos significativos em m\u00e3o de obra e materiais, especialmente em \u00e1reas de \u00e1gua dura.<\/p>\n<p><strong>P: Estes gotejadores s\u00e3o reutiliz\u00e1veis depois de limpos?<\/strong><\/p>\n<p><strong>A:<\/strong> Sim. S\u00e3o especificamente concebidos para serem desmontados, limpos e novamente montados v\u00e1rias vezes sem fugas ou sem comprometer o mecanismo de compensa\u00e7\u00e3o da press\u00e3o.<\/p>\n<p><strong>P: Como \u00e9 que abro e limpo o gotejador?<\/strong><\/p>\n<p><strong>A:<\/strong> Basta agarrar na base preta e rodar firmemente a tampa colorida (amarela, preta ou azul) no sentido contr\u00e1rio ao dos ponteiros do rel\u00f3gio para desbloquear e separar as duas metades. Enxag\u00fae as pe\u00e7as internas, especialmente o diafragma de silicone, e volte a mont\u00e1-las.<\/p>\n<p><strong>P: Para que gama de press\u00e3o (bar\/kPa) \u00e9 que estes gotejadores compensam?<\/strong><\/p>\n<p><strong>A:<\/strong> Fornecem um caudal nominal est\u00e1vel (2, 4 ou 8 L\/h) numa vasta gama de press\u00f5es de entrada de 0,5 bar a 3,5 bar (50 a 350 kPa).<\/p>\n<p><strong>Q: Qual \u00e9 a vossa quantidade m\u00ednima de encomenda (MOQ)?<\/strong><\/p>\n<p><strong>A:<\/strong> Como <strong>fabricante<\/strong>Somos especializados em <strong>volume<\/strong> encomendas para distribuidores, importadores e projectos de grande escala. O MOQ t\u00edpico \u00e9 de 10.000 unidades. Contacte a nossa equipa de vendas com o volume pretendido para obter um or\u00e7amento oficial.<\/p>\n<p><strong>Q: Podemos solicitar amostras para ensaio?<\/strong><\/p>\n<p><strong>A:<\/strong> Sem d\u00favida. Encorajamos os gestores de projectos, projectistas de rega e distribuidores a solicitar amostras dos modelos 2L\/h, 4L\/h e 8L\/h para validar o desempenho e o mecanismo \"Take Apart\".<\/p>\n<p><strong>P: Qual \u00e9 a embalagem padr\u00e3o?<\/strong><\/p>\n<p><strong>A:<\/strong> A nossa embalagem padr\u00e3o para exporta\u00e7\u00e3o \u00e9 de 1.000 unidades por saco PE dur\u00e1vel, com 10 sacos por caixa principal (10.000 unidades por caixa).<\/p>\n<p><strong>P: Qual \u00e9 o prazo de entrega estimado para uma encomenda em massa?<\/strong><\/p>\n<p><strong>A:<\/strong> O prazo de entrega \u00e9 normalmente de 3-4 semanas para um contentor de 20 p\u00e9s ou 40 p\u00e9s, sujeito \u00e0 programa\u00e7\u00e3o da produ\u00e7\u00e3o. Contacte-nos para obter uma estimativa actualizada com base na sua encomenda.<\/p>\n<h2>Obter uma cota\u00e7\u00e3o para o seu projeto de um fornecedor global<\/h2>\n<p>Garanta a uniformidade, fiabilidade e longevidade do seu sistema de rega. Deixe de substituir emissores entupidos e comece a fazer a sua manuten\u00e7\u00e3o. Como l\u00edder <strong>fabricante e exportador<\/strong> de gotejadores Take Apart PC, fornecemos componentes fi\u00e1veis e testados no terreno para projectos agr\u00edcolas e hort\u00edcolas de grande escala em todo o mundo.<\/p>\n<p>Contacte-nos hoje para <strong>Pedir amostras<\/strong> ou obter um <strong>Cota\u00e7\u00e3o de pre\u00e7os a granel<\/strong> para o seu pr\u00f3ximo projeto.<\/p>","protected":false},"excerpt":{"rendered":"<ul>\n<li><b>Caudais:<\/b> 2 L\/h (Amarelo), 4 L\/h (Preto), 8 L\/h (Azul)<\/li>\n<li><b>Gama de compensa\u00e7\u00e3o de press\u00e3o:<\/b> 0,5 - 3,5 bar (50 - 350 kPa)<\/li>\n<li><b>Entrada:<\/b> Espiga de 1\/4 de polegada (6 mm)<\/li>\n<li><b>Carater\u00edstica principal:<\/b> Design de pe\u00e7a torcida que pode ser reparado no terreno para limpeza e reutiliza\u00e7\u00e3o.<\/li>\n<li><b>Ideal para:<\/b> Encostas, terrenos irregulares, laterais longas e \u00e1reas com \u00e1gua dura ou problemas de entupimento.<\/li>\n<\/ul>","protected":false},"featured_media":1050,"template":"","meta":{"_acf_changed":false},"product_brand":[],"product_cat":[26],"product_tag":[],"class_list":{"0":"post-1048","1":"product","2":"type-product","3":"status-publish","4":"has-post-thumbnail","6":"product_cat-connectors-fittings","8":"first","9":"instock","10":"shipping-taxable","11":"product-type-simple"},"acf":[],"_links":{"self":[{"href":"https:\/\/okdagro.com\/pt\/wp-json\/wp\/v2\/product\/1048","targetHints":{"allow":["GET"]}}],"collection":[{"href":"https:\/\/okdagro.com\/pt\/wp-json\/wp\/v2\/product"}],"about":[{"href":"https:\/\/okdagro.com\/pt\/wp-json\/wp\/v2\/types\/product"}],"wp:featuredmedia":[{"embeddable":true,"href":"https:\/\/okdagro.com\/pt\/wp-json\/wp\/v2\/media\/1050"}],"wp:attachment":[{"href":"https:\/\/okdagro.com\/pt\/wp-json\/wp\/v2\/media?parent=1048"}],"wp:term":[{"taxonomy":"product_brand","embeddable":true,"href":"https:\/\/okdagro.com\/pt\/wp-json\/wp\/v2\/product_brand?post=1048"},{"taxonomy":"product_cat","embeddable":true,"href":"https:\/\/okdagro.com\/pt\/wp-json\/wp\/v2\/product_cat?post=1048"},{"taxonomy":"product_tag","embeddable":true,"href":"https:\/\/okdagro.com\/pt\/wp-json\/wp\/v2\/product_tag?post=1048"}],"curies":[{"name":"wp","href":"https:\/\/api.w.org\/{rel}","templated":true}]}}